{"id":10,"date":"2014-06-20T22:57:59","date_gmt":"2014-06-21T02:27:59","guid":{"rendered":"http:\/\/www.sjfresno.com.ar\/es\/?page_id=10"},"modified":"2016-04-21T21:04:22","modified_gmt":"2016-04-22T00:34:22","slug":"empresa","status":"publish","type":"page","link":"https:\/\/sjfresno.com.ar\/es-ar\/quienes-somos\/empresa\/","title":{"rendered":"La empresa"},"content":{"rendered":"<div class='flex_column av-av_one_half-2a9015ff38129c418a3f2eafba3e9512 av_one_half  avia-builder-el-0  el_before_av_one_half  avia-builder-el-first  first flex_column_div '     ><section  class='av_textblock_section av-av_textblock-0366cc7376be6c9e82a3e9cc8987b64f'  itemscope=\"itemscope\" itemtype=\"https:\/\/schema.org\/CreativeWork\" ><div class='avia_textblock'  itemprop=\"text\" ><p style=\"background-color: #009100; color: white; padding: 2px 2px; text-align: center; font-weight: bold;\">SJ fresno | aberturas de Aluminio<\/p>\n<p align=\"justify\">De la mano de la experiencia y las buenas pr\u00e1cticas de nuestros Especialistas, Arquitectos e Ingenieros al servicio del cliente, en SJ fresno ofrecemos un amplio rango de soluciones en aberturas a medida, cubriendo y atendiendo las diferentes problem\u00e1ticas que presenta la obra en construcci\u00f3n en cuanto a la l\u00ednea, la tipolog\u00eda m\u00e1s adecuada, los tipos de vidrios y el precio.<\/p>\n<p style=\"color: #009100; text-align: justify; font-style: italic;\">La Calidad es nuestra primera prioridad. La estandarizaci\u00f3n del sistema de Calidad bajo el esp\u00edritu de la norma ISO 9001:2008, les brinda a nuestros clientes total confianza en nuestros productos, respaldando el orgullo y el crecimiento continuo de nuestra empresa.<\/p>\n<\/div><\/section><\/div>\n\n<style type=\"text\/css\" data-created_by=\"avia_inline_auto\" id=\"style-css-av-av_one_half-9c1d454dc06f7247226bc4e8f931daae\">\n.flex_column.av-av_one_half-9c1d454dc06f7247226bc4e8f931daae{\n-webkit-border-radius:0px 0px 0px 0px;\n-moz-border-radius:0px 0px 0px 0px;\nborder-radius:0px 0px 0px 0px;\npadding:0px 0px 0px 0px;\n}\n<\/style>\n<div class='flex_column av-av_one_half-9c1d454dc06f7247226bc4e8f931daae av_one_half  avia-builder-el-2  el_after_av_one_half  el_before_av_one_half  flex_column_div av-zero-column-padding '     ><section  class='av_textblock_section av-av_textblock-0366cc7376be6c9e82a3e9cc8987b64f'  itemscope=\"itemscope\" itemtype=\"https:\/\/schema.org\/CreativeWork\" ><div class='avia_textblock'  itemprop=\"text\" ><p>MISI\u00d3N<\/p>\n<p style=\"color: #009100; text-align: justify; font-style: italic;\">\u00abSer referentes en las aberturas de todos los proyectos arquitect\u00f3nicos del pa\u00eds, consolidando una empresa integrada por especialistas en el rubro comprometidos y de plena dedicaci\u00f3n al desarrollo continuo de sus competencias.\u00bb<\/p>\n<p>VISI\u00d3N<\/p>\n<p style=\"color: #009100; text-align: justify; font-style: italic;\">\u00abEmpresa l\u00edder en comercializaci\u00f3n de aberturas de aluminio de alta calidad. Promoviendo la cultura de la utilizaci\u00f3n de elementos altamente reciclables, que reduzcan el consumo energ\u00e9tico, de bajo mantenimiento y altas prestaciones.\u00bb<\/p>\n<\/div><\/section><\/div>\n<div class='flex_column av-av_one_half-2a9015ff38129c418a3f2eafba3e9512 av_one_half  avia-builder-el-4  el_after_av_one_half  el_before_av_one_half  first flex_column_div column-top-margin'     ><section  class='av_textblock_section av-av_textblock-0366cc7376be6c9e82a3e9cc8987b64f'  itemscope=\"itemscope\" itemtype=\"https:\/\/schema.org\/CreativeWork\" ><div class='avia_textblock'  itemprop=\"text\" ><p>VALORES<\/p>\n<p style=\"color: #009100; text-align: justify; font-style: italic;\">+ Integridad:<\/p>\n<p style=\"text-align: justify;\">Nuestras pautas de conducta est\u00e1n presentes en la toma de decisiones de negocios. Ejercitamos el respeto por la palabra comprometida, orientando el m\u00e1ximo entusiasmo de lo que hacemos a la plena satisfacci\u00f3n del cliente.<\/p>\n<p style=\"color: #009100; text-align: justify; font-style: italic;\">+ Innovaci\u00f3n:<\/p>\n<p style=\"text-align: justify;\">Trabajamos con profesionalismo y eficiencia en post de desarrollar soluciones oportunas anticip\u00e1ndonos a las necesidades del cliente a mediano y largo plazo. Nos proponemos buscar permanentemente nuevas ideas, m\u00e9todos y herramientas que aseguren las buenas pr\u00e1cticas.<\/p>\n<p style=\"color: #009100; text-align: justify; font-style: italic;\">+ Proactividad:<\/p>\n<p style=\"text-align: justify;\">Tomamos el control para que las cosas realmente sucedan y la iniciativa para generar mejoras. Proporcionamos informaci\u00f3n precisa, econ\u00f3mica, oportuna y de gran calidad necesaria para alcanzar la total satisfacci\u00f3n del cliente.<\/p>\n<p style=\"color: #009100; text-align: justify; font-style: italic;\">+ Sustentable:<\/p>\n<p style=\"text-align: justify;\">Buscamos una relaci\u00f3n equilibrada entre la rentabilidad, el desarrollo social y el cuidado del medio ambiente.<\/p>\n<p style=\"color: #009100; text-align: justify; font-style: italic;\">+ Participaci\u00f3n:<\/p>\n<p style=\"text-align: justify;\">A bien de encontrar situaciones de maximizaci\u00f3n de la satisfacci\u00f3n de nuestros clientes y como parte integral de nuestra unidad de negocio, fomentamos la ense\u00f1anza, la comunicaci\u00f3n, la participaci\u00f3n proactiva y el trabajo en equipo de todos los profesionales que integran el rubro de la construcci\u00f3n.<\/p>\n<\/div><\/section><\/div>\n\n<style type=\"text\/css\" data-created_by=\"avia_inline_auto\" id=\"style-css-av-av_one_half-9c1d454dc06f7247226bc4e8f931daae\">\n.flex_column.av-av_one_half-9c1d454dc06f7247226bc4e8f931daae{\n-webkit-border-radius:0px 0px 0px 0px;\n-moz-border-radius:0px 0px 0px 0px;\nborder-radius:0px 0px 0px 0px;\npadding:0px 0px 0px 0px;\n}\n<\/style>\n<div class='flex_column av-av_one_half-9c1d454dc06f7247226bc4e8f931daae av_one_half  avia-builder-el-6  el_after_av_one_half  el_before_av_slideshow  flex_column_div av-zero-column-padding column-top-margin'     ><section  class='av_textblock_section av-av_textblock-0366cc7376be6c9e82a3e9cc8987b64f'  itemscope=\"itemscope\" itemtype=\"https:\/\/schema.org\/CreativeWork\" ><div class='avia_textblock'  itemprop=\"text\" ><p>POL\u00cdTICA DE CALIDAD<\/p>\n<p style=\"text-align: justify;\">Ponemos \u00e9nfasis en entender las especificaciones y los requerimientos de calidad del cliente, la aplicaci\u00f3n de controles apropiados y la producci\u00f3n precisa de las partes desde el primer momento.<\/p>\n<p style=\"color: #009100; text-align: justify; font-style: italic;\">Para el Control y Aseguramiento de la Calidad aplicamos:<\/p>\n<p>* Calidad total (TQM)<\/p>\n<p>* Programas y c\u00edrculos de mejora continua<\/p>\n<p>* Procesos de integraci\u00f3n vertical<\/p>\n<p>* Inversi\u00f3n en equipamientos espec\u00edficos para control de Calidad<\/p>\n<p>* Programas de entrenamientos e incentivos para los empleados<\/p>\n<p style=\"text-align: justify;\">Desde la elaboraci\u00f3n del presupuesto, la adquisici\u00f3n del material primario, hasta la entrega final e instalaci\u00f3n en obra, monitoreamos cada etapa del proceso para asegurarnos de que los productos se encuentran elaborados seg\u00fan las especificaciones.<\/p>\n<p style=\"color: #009100; text-align: justify; font-style: italic;\">Todos los productos pasan por 4 verificaciones:<\/p>\n<p>1. Inspecci\u00f3n de la materia prima<\/p>\n<p>2. Inspecci\u00f3n durante el proceso de fabricaci\u00f3n<\/p>\n<p>3. Inspecci\u00f3n del producto final<\/p>\n<p>4. Inspecci\u00f3n de la distribuci\u00f3n, instalaci\u00f3n, post-venta<\/p>\n<\/div><\/section><\/div>\n<div  class='avia-slideshow av-av_slideshow-0a9f009533e90ff88e9ed3d6eda21a63 avia-slideshow-magazine av_slideshow avia-fade-slider  avia-builder-el-8  el_after_av_one_half  avia-builder-el-last  av-slideshow-ui av-control-hidden av-no-slider-navigation av-hide-nav-arrows av-slideshow-autoplay av-loop-endless av-loop-manual-endless av-default-height-applied avia-slideshow-1' data-slideshow-options=\"{&quot;animation&quot;:&quot;fade&quot;,&quot;autoplay&quot;:true,&quot;loop_autoplay&quot;:&quot;endless&quot;,&quot;interval&quot;:5,&quot;loop_manual&quot;:&quot;manual-endless&quot;,&quot;autoplay_stopper&quot;:false,&quot;noNavigation&quot;:true,&quot;bg_slider&quot;:false,&quot;keep_padding&quot;:false,&quot;hoverpause&quot;:false,&quot;show_slide_delay&quot;:0}\"  itemprop=\"image\" itemscope=\"itemscope\" itemtype=\"https:\/\/schema.org\/ImageObject\" ><ul class='avia-slideshow-inner ' style='padding-bottom: 26.619718309859%;'><li  class='avia-slideshow-slide av-av_slideshow-0a9f009533e90ff88e9ed3d6eda21a63__0  slide-1 slide-odd'><div data-rel='slideshow-1' class='avia-slide-wrap '   ><img decoding=\"async\" class=\"wp-image-235 avia-img-lazy-loading-not-235\"  src=\"https:\/\/sjfresno.com.ar\/es-ar\/wp-content\/uploads\/2014\/06\/e2.jpg\" width=\"710\" height=\"189\" title='e2' alt=''  itemprop=\"thumbnailUrl\" srcset=\"https:\/\/sjfresno.com.ar\/es-ar\/wp-content\/uploads\/2014\/06\/e2.jpg 750w, https:\/\/sjfresno.com.ar\/es-ar\/wp-content\/uploads\/2014\/06\/e2-300x80.jpg 300w, https:\/\/sjfresno.com.ar\/es-ar\/wp-content\/uploads\/2014\/06\/e2-705x188.jpg 705w, https:\/\/sjfresno.com.ar\/es-ar\/wp-content\/uploads\/2014\/06\/e2-450x120.jpg 450w\" sizes=\"(max-width: 710px) 100vw, 710px\" \/><\/div><\/li><li  class='avia-slideshow-slide av-av_slideshow-0a9f009533e90ff88e9ed3d6eda21a63__1  slide-2 slide-even'><div data-rel='slideshow-1' class='avia-slide-wrap '   ><img decoding=\"async\" class=\"wp-image-233 avia-img-lazy-loading-not-233\"  src=\"https:\/\/sjfresno.com.ar\/es-ar\/wp-content\/uploads\/2014\/06\/e9.jpg\" width=\"710\" height=\"189\" title='e9' alt=''  itemprop=\"thumbnailUrl\" srcset=\"https:\/\/sjfresno.com.ar\/es-ar\/wp-content\/uploads\/2014\/06\/e9.jpg 750w, https:\/\/sjfresno.com.ar\/es-ar\/wp-content\/uploads\/2014\/06\/e9-300x80.jpg 300w, https:\/\/sjfresno.com.ar\/es-ar\/wp-content\/uploads\/2014\/06\/e9-705x188.jpg 705w, https:\/\/sjfresno.com.ar\/es-ar\/wp-content\/uploads\/2014\/06\/e9-450x120.jpg 450w\" sizes=\"(max-width: 710px) 100vw, 710px\" \/><\/div><\/li><li  class='avia-slideshow-slide av-av_slideshow-0a9f009533e90ff88e9ed3d6eda21a63__2  slide-3 slide-odd'><div data-rel='slideshow-1' class='avia-slide-wrap '   ><img decoding=\"async\" class=\"wp-image-232 avia-img-lazy-loading-not-232\"  src=\"https:\/\/sjfresno.com.ar\/es-ar\/wp-content\/uploads\/2014\/06\/e8.jpg\" width=\"710\" height=\"189\" title='e8' alt=''  itemprop=\"thumbnailUrl\" srcset=\"https:\/\/sjfresno.com.ar\/es-ar\/wp-content\/uploads\/2014\/06\/e8.jpg 750w, https:\/\/sjfresno.com.ar\/es-ar\/wp-content\/uploads\/2014\/06\/e8-300x80.jpg 300w, https:\/\/sjfresno.com.ar\/es-ar\/wp-content\/uploads\/2014\/06\/e8-705x188.jpg 705w, https:\/\/sjfresno.com.ar\/es-ar\/wp-content\/uploads\/2014\/06\/e8-450x120.jpg 450w\" sizes=\"(max-width: 710px) 100vw, 710px\" \/><\/div><\/li><li  class='avia-slideshow-slide av-av_slideshow-0a9f009533e90ff88e9ed3d6eda21a63__3  slide-4 slide-even'><div data-rel='slideshow-1' class='avia-slide-wrap '   ><img decoding=\"async\" class=\"wp-image-231 avia-img-lazy-loading-not-231\"  src=\"https:\/\/sjfresno.com.ar\/es-ar\/wp-content\/uploads\/2014\/06\/e7.jpg\" width=\"710\" height=\"189\" title='e7' alt=''  itemprop=\"thumbnailUrl\" srcset=\"https:\/\/sjfresno.com.ar\/es-ar\/wp-content\/uploads\/2014\/06\/e7.jpg 750w, https:\/\/sjfresno.com.ar\/es-ar\/wp-content\/uploads\/2014\/06\/e7-300x80.jpg 300w, https:\/\/sjfresno.com.ar\/es-ar\/wp-content\/uploads\/2014\/06\/e7-705x188.jpg 705w, https:\/\/sjfresno.com.ar\/es-ar\/wp-content\/uploads\/2014\/06\/e7-450x120.jpg 450w\" sizes=\"(max-width: 710px) 100vw, 710px\" \/><\/div><\/li><\/ul><div class='avia-slideshow-arrows avia-slideshow-controls' ><a href='#prev' class='prev-slide ' aria-hidden='true' data-av_icon='\ue87c' data-av_iconfont='entypo-fontello'  tabindex='-1'>Anterior<\/a><a href='#next' class='next-slide ' aria-hidden='true' data-av_icon='\ue87d' data-av_iconfont='entypo-fontello'  tabindex='-1'>Posterior<\/a><\/div><\/div>\n","protected":false},"excerpt":{"rendered":"","protected":false},"author":1,"featured_media":0,"parent":28,"menu_order":41,"comment_status":"closed","ping_status":"closed","template":"","meta":[],"_links":{"self":[{"href":"https:\/\/sjfresno.com.ar\/es-ar\/wp-json\/wp\/v2\/pages\/10"}],"collection":[{"href":"https:\/\/sjfresno.com.ar\/es-ar\/wp-json\/wp\/v2\/pages"}],"about":[{"href":"https:\/\/sjfresno.com.ar\/es-ar\/wp-json\/wp\/v2\/types\/page"}],"author":[{"embeddable":true,"href":"https:\/\/sjfresno.com.ar\/es-ar\/wp-json\/wp\/v2\/users\/1"}],"replies":[{"embeddable":true,"href":"https:\/\/sjfresno.com.ar\/es-ar\/wp-json\/wp\/v2\/comments?post=10"}],"version-history":[{"count":111,"href":"https:\/\/sjfresno.com.ar\/es-ar\/wp-json\/wp\/v2\/pages\/10\/revisions"}],"predecessor-version":[{"id":982,"href":"https:\/\/sjfresno.com.ar\/es-ar\/wp-json\/wp\/v2\/pages\/10\/revisions\/982"}],"up":[{"embeddable":true,"href":"https:\/\/sjfresno.com.ar\/es-ar\/wp-json\/wp\/v2\/pages\/28"}],"wp:attachment":[{"href":"https:\/\/sjfresno.com.ar\/es-ar\/wp-json\/wp\/v2\/media?parent=10"}],"curies":[{"name":"wp","href":"https:\/\/api.w.org\/{rel}","templated":true}]}}