{"id":12,"date":"2014-06-20T22:58:20","date_gmt":"2014-06-21T01:58:20","guid":{"rendered":"http:\/\/www.sjfresno.com.ar\/es\/?page_id=12"},"modified":"2025-02-01T18:41:47","modified_gmt":"2025-02-01T21:41:47","slug":"lineas","status":"publish","type":"page","link":"https:\/\/sjfresno.com.ar\/es-ar\/datos-tecnicos\/lineas\/","title":{"rendered":"Las l\u00edneas"},"content":{"rendered":"<div class='flex_column av-7xpfc-a1c5167aaeb44435f946f9d7999974c5 av_one_fifth  avia-builder-el-0  el_before_av_four_fifth  avia-builder-el-first  first flex_column_div '     ><section  class='av_textblock_section av-7e9ck-78a50812b28e3bc653b8dc68df5c4bf5'  itemscope=\"itemscope\" itemtype=\"https:\/\/schema.org\/CreativeWork\" ><div class='avia_textblock'  itemprop=\"text\" ><p><img decoding=\"async\" loading=\"lazy\" class=\"alignnone wp-image-174 aligncenter\" src=\"https:\/\/sjfresno.com.ar\/es-ar\/wp-content\/uploads\/2014\/06\/logo_aluar.jpg\" alt=\"\" width=\"85\" height=\"85\" srcset=\"https:\/\/sjfresno.com.ar\/es-ar\/wp-content\/uploads\/2014\/06\/logo_aluar.jpg 151w, https:\/\/sjfresno.com.ar\/es-ar\/wp-content\/uploads\/2014\/06\/logo_aluar-80x80.jpg 80w, https:\/\/sjfresno.com.ar\/es-ar\/wp-content\/uploads\/2014\/06\/logo_aluar-36x36.jpg 36w, https:\/\/sjfresno.com.ar\/es-ar\/wp-content\/uploads\/2014\/06\/logo_aluar-120x120.jpg 120w\" sizes=\"(max-width: 85px) 100vw, 85px\" \/><img decoding=\"async\" class=\"aligncenter\" title=\"logo_alcemar\" src=\"http:\/\/www.sjfresno.com.ar\/es\/images\/extrusoras\/aluar\/logo_aluar.jpg\" alt=\"\" \/><\/p>\n<\/div><\/section><\/div><div class='flex_column av-6vuxc-5a93f76504afc31fc89ad283bc047176 av_four_fifth  avia-builder-el-2  el_after_av_one_fifth  el_before_av_one_fifth  flex_column_div '     ><section  class='av_textblock_section av-68hc4-6b607359772b5bd3dc95fb54affa68ff'  itemscope=\"itemscope\" itemtype=\"https:\/\/schema.org\/CreativeWork\" ><div class='avia_textblock'  itemprop=\"text\" ><blockquote>\n<p style=\"text-align: justify;\"><span style=\"color: white; background-color: #009100; padding: 2px 4px;\">ALUAR<\/span> Las operaciones de Aluar comprenden desde la obtenci\u00f3n de aluminio en estado l\u00edquido hasta la fabricaci\u00f3n de productos elaborados que se destinan a las industrias del transporte, packaging, construcci\u00f3n, electricidad, medicina y tratamiento de aguas. Aluar se reconoce como un agente activo en el crecimiento y desarrollo de la Rep\u00fablica Argentina.<\/p>\n<\/blockquote>\n<\/div><\/section><\/div><div class='flex_column av-5ktbw-dd4d4cec0f5a7f208ef9aeff9beec409 av_one_fifth  avia-builder-el-4  el_after_av_four_fifth  el_before_av_four_fifth  first flex_column_div '     ><section  class='av_textblock_section av-54a44-83d10d8cad2590d8ceeada2537d3de9f'  itemscope=\"itemscope\" itemtype=\"https:\/\/schema.org\/CreativeWork\" ><div class='avia_textblock'  itemprop=\"text\" ><p><img decoding=\"async\" loading=\"lazy\" class=\"size-full wp-image-175 aligncenter\" src=\"https:\/\/sjfresno.com.ar\/es-ar\/wp-content\/uploads\/2014\/06\/logo_alcemar.jpg\" alt=\"\" width=\"221\" height=\"55\" \/><img decoding=\"async\" title=\"logo_alcemar\" src=\"http:\/\/www.sjfresno.com.ar\/es\/images\/extrusoras\/alcemar\/logo_alcemar.jpg\" alt=\"\" \/><\/p>\n<\/div><\/section><\/div><div class='flex_column av-4m69g-5a18ba4ab17a8addf813c17984d05f00 av_four_fifth  avia-builder-el-6  el_after_av_one_fifth  el_before_av_one_fifth  flex_column_div '     ><section  class='av_textblock_section av-3qewc-05006651bcf39724be58e52801c6ce13'  itemscope=\"itemscope\" itemtype=\"https:\/\/schema.org\/CreativeWork\" ><div class='avia_textblock'  itemprop=\"text\" ><blockquote>\n<p style=\"text-align: justify;\"><span style=\"color: white; background-color: #009100; padding: 2px 4px;\">ALCEMAR<\/span> Alcemar es una empresa familiar, de capitales nacionales, que se incorpora al mercado en el a\u00f1o 1978. Su actividad principal es la fabricaci\u00f3n de perfiles de aluminio mediante el proceso de extrusi\u00f3n, junto con el proceso de recubrimiento superficial mediante el pintado en polvo.<\/p>\n<\/blockquote>\n<\/div><\/section><\/div><div class='flex_column av-39khs-c35a1b61bce00fa732c0cabdbad2bd5b av_one_fifth  avia-builder-el-8  el_after_av_four_fifth  el_before_av_four_fifth  first flex_column_div '     ><section  class='av_textblock_section av-2ti94-89c9239f420595ba58cddcbaaa7266ea'  itemscope=\"itemscope\" itemtype=\"https:\/\/schema.org\/CreativeWork\" ><div class='avia_textblock'  itemprop=\"text\" ><p><img decoding=\"async\" loading=\"lazy\" class=\"alignnone size-full wp-image-176 aligncenter\" src=\"https:\/\/sjfresno.com.ar\/es-ar\/wp-content\/uploads\/2014\/06\/logo_hydro_sapa.png\" alt=\"\" width=\"216\" height=\"84\" \/><img decoding=\"async\" title=\"logo_alcemar\" src=\"http:\/\/www.sjfresno.com.ar\/es\/images\/extrusoras\/hydro\/logo_hydro_sapa.png\" alt=\"\" \/><\/p>\n<\/div><\/section><\/div><div class='flex_column av-2ah80-652df631645c8e14e66a57897d00124d av_four_fifth  avia-builder-el-10  el_after_av_one_fifth  el_before_av_one_full  flex_column_div '     ><section  class='av_textblock_section av-1kyuw-925437ac7284f3aa7565733d57378ab7'  itemscope=\"itemscope\" itemtype=\"https:\/\/schema.org\/CreativeWork\" ><div class='avia_textblock'  itemprop=\"text\" ><blockquote>\n<p style=\"text-align: justify;\"><span style=\"color: white; background-color: #009100; padding: 2px 4px;\">SAPA Aluminium, Argentina<\/span> La planta cuenta con una prensa de extrusi\u00f3n y una l\u00ednea de pintura de alta tecnolog\u00eda, satisfaciendo las necesidades de los clientes de extrusi\u00f3n general y principalmente a los clientes de sistemas de construcci\u00f3n. Fue establecida en 1995 y adquirida por Hydro en 2001.<\/p>\n<\/blockquote>\n<\/div><\/section><\/div><div class='flex_column av-yetk-a06fec96cbc98da313692ef514f6b288 av_one_full  avia-builder-el-12  el_after_av_four_fifth  avia-builder-el-last  first flex_column_div '     ><\/div><\/p>\n","protected":false},"excerpt":{"rendered":"","protected":false},"author":1,"featured_media":0,"parent":611,"menu_order":32,"comment_status":"closed","ping_status":"closed","template":"","meta":[],"_links":{"self":[{"href":"https:\/\/sjfresno.com.ar\/es-ar\/wp-json\/wp\/v2\/pages\/12"}],"collection":[{"href":"https:\/\/sjfresno.com.ar\/es-ar\/wp-json\/wp\/v2\/pages"}],"about":[{"href":"https:\/\/sjfresno.com.ar\/es-ar\/wp-json\/wp\/v2\/types\/page"}],"author":[{"embeddable":true,"href":"https:\/\/sjfresno.com.ar\/es-ar\/wp-json\/wp\/v2\/users\/1"}],"replies":[{"embeddable":true,"href":"https:\/\/sjfresno.com.ar\/es-ar\/wp-json\/wp\/v2\/comments?post=12"}],"version-history":[{"count":44,"href":"https:\/\/sjfresno.com.ar\/es-ar\/wp-json\/wp\/v2\/pages\/12\/revisions"}],"predecessor-version":[{"id":1627,"href":"https:\/\/sjfresno.com.ar\/es-ar\/wp-json\/wp\/v2\/pages\/12\/revisions\/1627"}],"up":[{"embeddable":true,"href":"https:\/\/sjfresno.com.ar\/es-ar\/wp-json\/wp\/v2\/pages\/611"}],"wp:attachment":[{"href":"https:\/\/sjfresno.com.ar\/es-ar\/wp-json\/wp\/v2\/media?parent=12"}],"curies":[{"name":"wp","href":"https:\/\/api.w.org\/{rel}","templated":true}]}}