{"id":22,"date":"2014-06-20T23:04:50","date_gmt":"2014-06-21T02:04:50","guid":{"rendered":"http:\/\/www.sjfresno.com.ar\/es\/?page_id=22"},"modified":"2025-02-01T18:35:53","modified_gmt":"2025-02-01T21:35:53","slug":"aluminio","status":"publish","type":"page","link":"https:\/\/sjfresno.com.ar\/es-ar\/datos-tecnicos\/aluminio\/","title":{"rendered":"El aluminio"},"content":{"rendered":"<div class='flex_column av-epj7m-31e51c2385fd6cd4533ee39867270ac3 av_one_half  avia-builder-el-0  el_before_av_one_half  avia-builder-el-first  first flex_column_div '     ><section  class='av_textblock_section av-e4pr2-00f5f4656e2b9618f289757492de410d'  itemscope=\"itemscope\" itemtype=\"https:\/\/schema.org\/CreativeWork\" ><div class='avia_textblock'  itemprop=\"text\" ><h3>El Aluminio<\/h3>\n<p>El aluminio es un elemento qu\u00edmico, de s\u00edmbolo Al&#8230; Se trata de un metal no ferromagn\u00e9tico.<br \/>\nEs el tercer elemento m\u00e1s com\u00fan encontrado en la corteza terrestre.<\/p>\n<p>Como metal se extrae \u00fanicamente del mineral conocido con el nombre de <strong>BAUXITA<\/strong>, por transformaci\u00f3n primero en al\u00famina mediante el proceso Bayer y a continuaci\u00f3n en aluminio met\u00e1lico mediante electr\u00f3lisis.<\/p>\n<p>Este metal posee una combinaci\u00f3n de propiedades que lo hacen muy \u00fatil, tales como buena conductividad, su baja densidad, su alta resistencia a la corrosi\u00f3n y mediante aleaciones adecuadas se puede aumentar sensiblemente su resistencia mec\u00e1nica.<\/p>\n<p>Por todo ello es desde mediados del siglo XX el metal que m\u00e1s se utiliza despu\u00e9s del acero.<\/p>\n<p>Fue aislado por primera vez en 1825 por el f\u00edsico dan\u00e9s H. C. Oersted. El principal inconveniente para su obtenci\u00f3n reside en la elevada cantidad de energ\u00eda el\u00e9ctrica que requiere su producci\u00f3n. Este problema se compensa por su bajo coste de reciclado, su extendida vida \u00fatil y la estabilidad de su precio.<\/p>\n<p>Fuente: http:\/\/es.wikipedia.org\/wiki\/Aluminio<\/p>\n<\/div><\/section><\/div>\n<div class='flex_column av-1bm26-3b14db8efebcb278e2ccaf4b71751f5b av_one_half  avia-builder-el-2  el_after_av_one_half  el_before_av_hr  flex_column_div '     ><section  class='av_textblock_section av-cxd9a-da405c1848d2d507534f2bf32b714a59'  itemscope=\"itemscope\" itemtype=\"https:\/\/schema.org\/CreativeWork\" ><div class='avia_textblock'  itemprop=\"text\" ><h4>Mineral Bauxita \u2192 Al\u00famina \u2192 Aluminio<\/h4>\n<\/div><\/section><br \/>\n\n<style type=\"text\/css\" data-created_by=\"avia_inline_auto\" id=\"style-css-av-c3onu-01ed3855de4f29685b426f8db4c0df6a\">\n.avia-image-container.av-c3onu-01ed3855de4f29685b426f8db4c0df6a img.avia_image{\nbox-shadow:none;\n}\n.avia-image-container.av-c3onu-01ed3855de4f29685b426f8db4c0df6a .av-image-caption-overlay-center{\ncolor:#ffffff;\n}\n<\/style>\n<div  class='avia-image-container av-c3onu-01ed3855de4f29685b426f8db4c0df6a av-styling- avia-align-center  avia-builder-el-4  el_after_av_textblock  avia-builder-el-last '   itemprop=\"image\" itemscope=\"itemscope\" itemtype=\"https:\/\/schema.org\/ImageObject\" ><div class=\"avia-image-container-inner\"><div class=\"avia-image-overlay-wrap\"><a href=\"http:\/\/www.sjfresno.com.ar\/es\/images\/aluminio\/bauxita.jpg\" class='avia_image' ><img decoding=\"async\" width=\"800\" height=\"600\" class='wp-image-352 avia-img-lazy-loading-not-352 avia_image ' src=\"http:\/\/www.sjfresno.com.ar\/es\/wp-content\/uploads\/2014\/06\/bauxita.jpg\" alt='' title='bauxita'   itemprop=\"thumbnailUrl\" srcset=\"https:\/\/sjfresno.com.ar\/es-ar\/wp-content\/uploads\/2014\/06\/bauxita.jpg 800w, https:\/\/sjfresno.com.ar\/es-ar\/wp-content\/uploads\/2014\/06\/bauxita-300x225.jpg 300w, https:\/\/sjfresno.com.ar\/es-ar\/wp-content\/uploads\/2014\/06\/bauxita-705x528.jpg 705w, https:\/\/sjfresno.com.ar\/es-ar\/wp-content\/uploads\/2014\/06\/bauxita-450x337.jpg 450w\" sizes=\"(max-width: 800px) 100vw, 800px\" \/><\/a><\/div><\/div><\/div><\/p><\/div>\n<div  class='hr av-buame-3946472b4a23e9c3ade21e1a2e41b94f hr-default  avia-builder-el-5  el_after_av_one_half  el_before_av_one_half '><span class='hr-inner '><span class=\"hr-inner-style\"><\/span><\/span><\/div>\n<div class='flex_column av-b8h7e-3f7391e7c6ab15f9ca11de7236a991fd av_one_half  avia-builder-el-6  el_after_av_hr  el_before_av_one_half  first flex_column_div '     ><section  class='av_textblock_section av-10uhe-9a8cc2f9e7ba0c63a076874f3e08065c'  itemscope=\"itemscope\" itemtype=\"https:\/\/schema.org\/CreativeWork\" ><div class='avia_textblock'  itemprop=\"text\" ><h3>Y ahora&#8230; \u00bfQu\u00e9 se hace con el Aluminio?<\/h3>\n<p>Hoy en d\u00eda, tan s\u00f3lo superado por el hierro\/acero, la utilizaci\u00f3n del aluminio ha hecho de este metal uno de los m\u00e1s importantes, tanto en cantidad como en variedad de usos. Se usa en forma pura, aleado con otros metales o en compuestos no met\u00e1licos.<\/p>\n<p>Desde espejos para los telescopios reflectores, papel aluminio, latas, conductores el\u00e9ctricos, piezas de aviaci\u00f3n, veh\u00edculos, electrodom\u00e9sticos, utensilios de cocina, herramientas, l\u00e1sers, joyas, depuraci\u00f3n de aguas, hasta&#8230;. estructuras portantes en la arquitectura, los llamados <strong>PERFILES DE ALUMINIO<\/strong> mediante un proceso de extrusi\u00f3n del tocho.<\/p>\n<\/div><\/section><br \/>\n\n<style type=\"text\/css\" data-created_by=\"avia_inline_auto\" id=\"style-css-av-9x8qq-ed0402a7f320d059e2c3da175c7255c1\">\n.avia-image-container.av-9x8qq-ed0402a7f320d059e2c3da175c7255c1 img.avia_image{\nbox-shadow:none;\n}\n.avia-image-container.av-9x8qq-ed0402a7f320d059e2c3da175c7255c1 .av-image-caption-overlay-center{\ncolor:#ffffff;\n}\n<\/style>\n<div  class='avia-image-container av-9x8qq-ed0402a7f320d059e2c3da175c7255c1 av-styling- avia-align-center  avia-builder-el-8  el_after_av_textblock  avia-builder-el-last '   itemprop=\"image\" itemscope=\"itemscope\" itemtype=\"https:\/\/schema.org\/ImageObject\" ><div class=\"avia-image-container-inner\"><div class=\"avia-image-overlay-wrap\"><a href=\"http:\/\/www.sjfresno.com.ar\/es\/images\/aluminio\/aplicaciones.png\" class='avia_image' ><img decoding=\"async\" width=\"698\" height=\"453\" class='wp-image-351 avia-img-lazy-loading-not-351 avia_image ' src=\"http:\/\/www.sjfresno.com.ar\/es\/wp-content\/uploads\/2014\/06\/aplicaciones.png\" alt='' title='aplicaciones'   itemprop=\"thumbnailUrl\" srcset=\"https:\/\/sjfresno.com.ar\/es-ar\/wp-content\/uploads\/2014\/06\/aplicaciones.png 698w, https:\/\/sjfresno.com.ar\/es-ar\/wp-content\/uploads\/2014\/06\/aplicaciones-300x194.png 300w, https:\/\/sjfresno.com.ar\/es-ar\/wp-content\/uploads\/2014\/06\/aplicaciones-450x292.png 450w\" sizes=\"(max-width: 698px) 100vw, 698px\" \/><\/a><\/div><\/div><\/div><\/p><\/div>\n<div class='flex_column av-9b5am-ef9e7900c9f6537dd91be31ae5df9b42 av_one_half  avia-builder-el-9  el_after_av_one_half  el_before_av_one_half  flex_column_div '     ><section  class='av_textblock_section av-8vd8m-3438609bdcac25bfd109ecd3ae916322'  itemscope=\"itemscope\" itemtype=\"https:\/\/schema.org\/CreativeWork\" ><div class='avia_textblock'  itemprop=\"text\" ><h4>Ciclo del Aluminio<\/h4>\n<\/div><\/section><br \/>\n\n<style type=\"text\/css\" data-created_by=\"avia_inline_auto\" id=\"style-css-av-828ju-01c2071f61d7c54bb71a50d335705fbe\">\n.avia-image-container.av-828ju-01c2071f61d7c54bb71a50d335705fbe img.avia_image{\nbox-shadow:none;\n}\n.avia-image-container.av-828ju-01c2071f61d7c54bb71a50d335705fbe .av-image-caption-overlay-center{\ncolor:#ffffff;\n}\n<\/style>\n<div  class='avia-image-container av-828ju-01c2071f61d7c54bb71a50d335705fbe av-styling- avia-align-center  avia-builder-el-11  el_after_av_textblock  avia-builder-el-last '   itemprop=\"image\" itemscope=\"itemscope\" itemtype=\"https:\/\/schema.org\/ImageObject\" ><div class=\"avia-image-container-inner\"><div class=\"avia-image-overlay-wrap\"><a href=\"http:\/\/www.sjfresno.com.ar\/es\/images\/aluminio\/ciclo.png\" class='avia_image' ><img decoding=\"async\" width=\"668\" height=\"766\" class='wp-image-353 avia-img-lazy-loading-not-353 avia_image ' src=\"http:\/\/www.sjfresno.com.ar\/es\/wp-content\/uploads\/2014\/06\/ciclo.png\" alt='' title='ciclo'   itemprop=\"thumbnailUrl\" srcset=\"https:\/\/sjfresno.com.ar\/es-ar\/wp-content\/uploads\/2014\/06\/ciclo.png 668w, https:\/\/sjfresno.com.ar\/es-ar\/wp-content\/uploads\/2014\/06\/ciclo-261x300.png 261w, https:\/\/sjfresno.com.ar\/es-ar\/wp-content\/uploads\/2014\/06\/ciclo-614x705.png 614w, https:\/\/sjfresno.com.ar\/es-ar\/wp-content\/uploads\/2014\/06\/ciclo-450x516.png 450w\" sizes=\"(max-width: 668px) 100vw, 668px\" \/><\/a><\/div><\/div><\/div><\/p><\/div>\n<div class='flex_column av-7b202-5214ff6f0bd4207afe84750a6c59cbaf av_one_half  avia-builder-el-12  el_after_av_one_half  el_before_av_one_half  first flex_column_div column-top-margin'     ><section  class='av_textblock_section av-6meku-bff958ea999b54ae3a1ca88a74b2b8be'  itemscope=\"itemscope\" itemtype=\"https:\/\/schema.org\/CreativeWork\" ><div class='avia_textblock'  itemprop=\"text\" ><p><h4>Elaboraci\u00f3n de los tocho de aluminio<\/h4><\/p>\n<\/div><\/section><br \/>\n<div  class='avia-video av-63nci-dee7e7fc5b7a0e48abcb32489e4df3be avia-video-16-9 av-no-preview-image avia-video-load-always av-lazyload-immediate av-lazyload-video-embed'  itemprop=\"video\" itemtype=\"https:\/\/schema.org\/VideoObject\"  data-original_url='https:\/\/youtu.be\/3vX4oGD_N8M'><script type='text\/html' class='av-video-tmpl'><div class='avia-iframe-wrap'><iframe title=\"Como se crea el tocho de aluminio\" width=\"1333\" height=\"1000\" src=\"https:\/\/www.youtube.com\/embed\/3vX4oGD_N8M?feature=oembed&autoplay=0&loop=0&controls=1&mute=0\" frameborder=\"0\" allow=\"accelerometer; autoplay; clipboard-write; encrypted-media; gyroscope; picture-in-picture; web-share\" referrerpolicy=\"strict-origin-when-cross-origin\" allowfullscreen><\/iframe><\/div><\/script><div class='av-click-to-play-overlay'><div class=\"avia_playpause_icon\"><\/div><\/div><\/div><\/p><\/div><div class='flex_column av-5w6ze-9d1bca9279fb8d4cfd234f0b0ad21f17 av_one_half  avia-builder-el-15  el_after_av_one_half  el_before_av_hr  flex_column_div column-top-margin'     ><section  class='av_textblock_section av-539pa-7a0334b66f7785407826d9a85f03c56a'  itemscope=\"itemscope\" itemtype=\"https:\/\/schema.org\/CreativeWork\" ><div class='avia_textblock'  itemprop=\"text\" ><p><h4>El proceso de extrusi\u00f3n del aluminio<\/h4><\/p>\n<\/div><\/section><br \/>\n<div  class='avia-video av-4b5l6-05d79a72d8f49735bc3da5b235a232a8 avia-video-16-9 av-no-preview-image avia-video-load-always av-lazyload-immediate av-lazyload-video-embed'  itemprop=\"video\" itemtype=\"https:\/\/schema.org\/VideoObject\"  data-original_url='https:\/\/youtu.be\/MG3Ls7jrr2o'><script type='text\/html' class='av-video-tmpl'><div class='avia-iframe-wrap'><iframe title=\"La extrusion del aluminio\" width=\"1333\" height=\"1000\" src=\"https:\/\/www.youtube.com\/embed\/MG3Ls7jrr2o?feature=oembed&autoplay=0&loop=0&controls=1&mute=0\" frameborder=\"0\" allow=\"accelerometer; autoplay; clipboard-write; encrypted-media; gyroscope; picture-in-picture; web-share\" referrerpolicy=\"strict-origin-when-cross-origin\" allowfullscreen><\/iframe><\/div><\/script><div class='av-click-to-play-overlay'><div class=\"avia_playpause_icon\"><\/div><\/div><\/div><\/p><\/div><div  class='hr av-45yea-b858f7684d5301052689c0c80f65f28a hr-default  avia-builder-el-18  el_after_av_one_half  el_before_av_one_half '><span class='hr-inner '><span class=\"hr-inner-style\"><\/span><\/span><\/div><\/p>\n<div class='flex_column av-3jmui-b7736ea37169f5444683559e4d70e951 av_one_half  avia-builder-el-19  el_after_av_hr  el_before_av_one_half  first flex_column_div '     ><section  class='av_textblock_section av-2m37i-d3008e65111553607726a099accce128'  itemscope=\"itemscope\" itemtype=\"https:\/\/schema.org\/CreativeWork\" ><div class='avia_textblock'  itemprop=\"text\" ><h3>El aluminio, el material del futuro&#8230; \u00bfPor qu\u00e9?<\/h3>\n<p>+ El aluminio nunca se agotar\u00e1, es uno de los elementos m\u00e1s abundantes en la corteza terrestre.<\/p>\n<p>+ Para producir aluminio se usa principalmente energ\u00eda hidroel\u00e9ctrica, una fuente de energ\u00eda renovable.<\/p>\n<p>+ El aluminio es reciclable al 100%. Se puede reciclar una y otra vez sin perder sus propiedades.<\/p>\n<p>+ Reciclar aluminio supone un ahorro de energ\u00eda del 95%, ya que la energ\u00eda utilizada para refundir aluminio es tan s\u00f3lo el 5% de la necesaria para la producci\u00f3n de aluminio primario, lo que conlleva obviamente un beneficio ecol\u00f3gico, y mayor rentabilidad desde un punto de vista econ\u00f3mico.<\/p>\n<p>+ El aluminio es un residuo de f\u00e1cil manejo, ligero, no se rompe, no arde y no se oxida, es f\u00e1cil de transportar.<\/p>\n<\/div><\/section><br \/>\n\n<style type=\"text\/css\" data-created_by=\"avia_inline_auto\" id=\"style-css-av-22evi-619bd4faa55013b4aaa0ceef76e13d6a\">\n.avia-image-container.av-22evi-619bd4faa55013b4aaa0ceef76e13d6a img.avia_image{\nbox-shadow:none;\n}\n.avia-image-container.av-22evi-619bd4faa55013b4aaa0ceef76e13d6a .av-image-caption-overlay-center{\ncolor:#ffffff;\n}\n<\/style>\n<div  class='avia-image-container av-22evi-619bd4faa55013b4aaa0ceef76e13d6a av-styling- avia-align-center  avia-builder-el-21  el_after_av_textblock  avia-builder-el-last '   itemprop=\"image\" itemscope=\"itemscope\" itemtype=\"https:\/\/schema.org\/ImageObject\" ><div class=\"avia-image-container-inner\"><div class=\"avia-image-overlay-wrap\"><a href=\"http:\/\/www.sjfresno.com.ar\/es\/images\/aluminio\/reciclado.jpg\" class='avia_image' ><img decoding=\"async\" width=\"300\" height=\"225\" class='wp-image-355 avia-img-lazy-loading-not-355 avia_image ' src=\"http:\/\/www.sjfresno.com.ar\/es\/wp-content\/uploads\/2014\/06\/reciclado-300x225.jpg\" alt='' title='reciclado'   itemprop=\"thumbnailUrl\" srcset=\"https:\/\/sjfresno.com.ar\/es-ar\/wp-content\/uploads\/2014\/06\/reciclado-300x225.jpg 300w, https:\/\/sjfresno.com.ar\/es-ar\/wp-content\/uploads\/2014\/06\/reciclado-450x337.jpg 450w, https:\/\/sjfresno.com.ar\/es-ar\/wp-content\/uploads\/2014\/06\/reciclado.jpg 650w\" sizes=\"(max-width: 300px) 100vw, 300px\" \/><\/a><\/div><\/div><\/div><\/p><\/div>\n<div class='flex_column av-5x4u-a88b1a86058982f46065335aac816b34 av_one_half  avia-builder-el-22  el_after_av_one_half  avia-builder-el-last  flex_column_div '     ><section  class='av_textblock_section av-shei-2955bac6ceed768bb240acc9cb2ad236'  itemscope=\"itemscope\" itemtype=\"https:\/\/schema.org\/CreativeWork\" ><div class='avia_textblock'  itemprop=\"text\" ><h4>Metal verde y sustentable<\/h4>\n<p>Cualquier producto de aluminio puede ser reciclado y reutilizado infinitas veces sin perder sus propiedades y \u00f3ptimas cualidades.<\/p>\n<p>El ciclo del reciclado empieza justo despu\u00e9s de su producci\u00f3n, ya que los recortes  y restos de este proceso industrial se recuperan y reciclan directamente. Por ejemplo, en el caso de las latas de aluminio utilizadas para bebidas, la duraci\u00f3n es de 45 d\u00edas aproximadamente, en cambio, la del aluminio utilizado en cables para el sector el\u00e9ctrico es de 40 a\u00f1os.<\/p>\n<p>Sea cual fuere el fin del reciclado, es indudable los beneficios ambientales y econ\u00f3micos que supone su recuperaci\u00f3n y reutilizaci\u00f3n. La utilizaci\u00f3n de metales reciclados ahorra energ\u00eda y preserva las fuentes de recursos naturales. Es por eso que el creciente uso del aluminio reciclado en diversas aplicaciones le da el reconocimiento de <strong>metal verde<\/strong>.<\/p>\n<p>El aluminio es un <strong>material sustentable<\/strong>. M\u00e1s del 50% de la producci\u00f3n mundial de aluminio (se excluye la producci\u00f3n rusa y china) se realiza utilizando energ\u00eda hidroel\u00e9ctrica renovable.<\/p>\n<p>Fuente: aluar.com.ar, anexpa.org<\/p>\n<\/div><\/section><\/div>\n","protected":false},"excerpt":{"rendered":"","protected":false},"author":1,"featured_media":0,"parent":611,"menu_order":31,"comment_status":"closed","ping_status":"closed","template":"","meta":[],"_links":{"self":[{"href":"https:\/\/sjfresno.com.ar\/es-ar\/wp-json\/wp\/v2\/pages\/22"}],"collection":[{"href":"https:\/\/sjfresno.com.ar\/es-ar\/wp-json\/wp\/v2\/pages"}],"about":[{"href":"https:\/\/sjfresno.com.ar\/es-ar\/wp-json\/wp\/v2\/types\/page"}],"author":[{"embeddable":true,"href":"https:\/\/sjfresno.com.ar\/es-ar\/wp-json\/wp\/v2\/users\/1"}],"replies":[{"embeddable":true,"href":"https:\/\/sjfresno.com.ar\/es-ar\/wp-json\/wp\/v2\/comments?post=22"}],"version-history":[{"count":25,"href":"https:\/\/sjfresno.com.ar\/es-ar\/wp-json\/wp\/v2\/pages\/22\/revisions"}],"predecessor-version":[{"id":1620,"href":"https:\/\/sjfresno.com.ar\/es-ar\/wp-json\/wp\/v2\/pages\/22\/revisions\/1620"}],"up":[{"embeddable":true,"href":"https:\/\/sjfresno.com.ar\/es-ar\/wp-json\/wp\/v2\/pages\/611"}],"wp:attachment":[{"href":"https:\/\/sjfresno.com.ar\/es-ar\/wp-json\/wp\/v2\/media?parent=22"}],"curies":[{"name":"wp","href":"https:\/\/api.w.org\/{rel}","templated":true}]}}