{"id":24,"date":"2014-06-20T23:05:17","date_gmt":"2014-06-21T02:05:17","guid":{"rendered":"http:\/\/www.sjfresno.com.ar\/es\/?page_id=24"},"modified":"2025-02-01T18:55:00","modified_gmt":"2025-02-01T21:55:00","slug":"los-vidrios","status":"publish","type":"page","link":"https:\/\/sjfresno.com.ar\/es-ar\/datos-tecnicos\/los-vidrios\/","title":{"rendered":"Los vidrios"},"content":{"rendered":"<div class='flex_column av-c1ye8-475de3f371d25a598c8eea6f8e0d93e3 av_one_half  avia-builder-el-0  el_before_av_one_half  avia-builder-el-first  first flex_column_div '     ><section  class='av_textblock_section av-bljnk-60636bd0fff8ef8adde88139aa09de34'  itemscope=\"itemscope\" itemtype=\"https:\/\/schema.org\/CreativeWork\" ><div class='avia_textblock'  itemprop=\"text\" ><h4>1. Vidrio float<\/h4>\n<p>El vidrio float consiste en una plancha de vidrio fabricada haciendo flotar el vidrio fundido sobre una capa de esta\u00f1o fundido.<\/p>\n<p>Este m\u00e9todo proporciona al vidrio un grosor uniforme y una superficie muy plana, por lo que es el vidrio m\u00e1s utilizado en la construcci\u00f3n.<\/p>\n<p>Se le denomina tambi\u00e9n vidrio plano, sin embargo no todos los vidrios planos son vidrios fabricados mediante el sistema de flotaci\u00f3n.<\/p>\n<\/div><\/section><\/div>\n\n<style type=\"text\/css\" data-created_by=\"avia_inline_auto\" id=\"style-css-av-awh6o-7ced63232edc4f06d51107569d5d95c9\">\n.flex_column.av-awh6o-7ced63232edc4f06d51107569d5d95c9{\n-webkit-border-radius:0px 0px 0px 0px;\n-moz-border-radius:0px 0px 0px 0px;\nborder-radius:0px 0px 0px 0px;\npadding:0px 0px 0px 0px;\n}\n<\/style>\n<div class='flex_column av-awh6o-7ced63232edc4f06d51107569d5d95c9 av_one_half  avia-builder-el-2  el_after_av_one_half  el_before_av_one_half  flex_column_div av-zero-column-padding '     ><div  class='avia-video av-aotc4-3784bba6c7bd63b8bc17bd74e6c04c77 avia-video-16-9 av-no-preview-image avia-video-load-always av-lazyload-immediate av-lazyload-video-embed'  itemprop=\"video\" itemtype=\"https:\/\/schema.org\/VideoObject\"  data-original_url='https:\/\/youtu.be\/Zf460WKs8Jw'><script type='text\/html' class='av-video-tmpl'><div class='avia-iframe-wrap'><iframe title=\"Proceso de Vidrio Flotado\" width=\"1333\" height=\"1000\" src=\"https:\/\/www.youtube.com\/embed\/Zf460WKs8Jw?feature=oembed&autoplay=0&loop=0&controls=1&mute=0\" frameborder=\"0\" allow=\"accelerometer; autoplay; clipboard-write; encrypted-media; gyroscope; picture-in-picture; web-share\" referrerpolicy=\"strict-origin-when-cross-origin\" allowfullscreen><\/iframe><\/div><\/script><div class='av-click-to-play-overlay'><div class=\"avia_playpause_icon\"><\/div><\/div><\/div><\/div>\n<div class='flex_column av-9wo7w-6cb97f53ec196a049dfa0aff73c24022 av_one_half  avia-builder-el-4  el_after_av_one_half  el_before_av_one_half  first flex_column_div column-top-margin'     ><section  class='av_textblock_section av-9bz8g-d55e3e4f53fc8578f2c35404c24d4d54'  itemscope=\"itemscope\" itemtype=\"https:\/\/schema.org\/CreativeWork\" ><div class='avia_textblock'  itemprop=\"text\" ><h4>2. Vidrio laminado<\/h4>\n<p>El vidrio laminado consiste en la uni\u00f3n de varias l\u00e1minas de vidrio mediante una pel\u00edcula intermedia realizada con butiral de polivinilo (PVB), etil-vinil-acetato (EVA) y con resinas activadas por luz ultravioleta o simplemente por la mezcla de sus ingredientes.<\/p>\n<p>Recibe as\u00ed mismo el nombre de vidrio de seguridad, aunque este es s\u00f3lo uno de los tipos que existen en el mercado y no todos los vidrios de seguridad (como los templados) suelen ser laminados.<\/p>\n<p>Esta l\u00e1mina puede ser transparente o transl\u00facida, de colores (los colores pueden aplicarse directamente sobre la ardilla del vidrio si bien suele preferirse colorear la l\u00e1mina de PVB o EVA o la resina) e incluir pr\u00e1cticamente de todo: papel con dibujos, diodos LED, telas, etc.<\/p>\n<p>Tambi\u00e9n pueden recibir un tratamiento ac\u00fastico y de control solar.<\/p>\n<\/div><\/section><\/div>\n\n<style type=\"text\/css\" data-created_by=\"avia_inline_auto\" id=\"style-css-av-8gbt0-4bb1339901a7bdfa1895ad9572d09398\">\n.flex_column.av-8gbt0-4bb1339901a7bdfa1895ad9572d09398{\n-webkit-border-radius:0px 0px 0px 0px;\n-moz-border-radius:0px 0px 0px 0px;\nborder-radius:0px 0px 0px 0px;\npadding:0px 0px 0px 0px;\n}\n<\/style>\n<div class='flex_column av-8gbt0-4bb1339901a7bdfa1895ad9572d09398 av_one_half  avia-builder-el-6  el_after_av_one_half  el_before_av_one_half  flex_column_div av-zero-column-padding column-top-margin'     ><div  class='avia-video av-7uqvk-deb55c5c58dfc9acb553509ff9d54fcb avia-video-16-9 av-no-preview-image avia-video-load-always av-lazyload-immediate av-lazyload-video-embed'  itemprop=\"video\" itemtype=\"https:\/\/schema.org\/VideoObject\"  data-original_url='https:\/\/youtu.be\/eQrE7x6J1Pg'><script type='text\/html' class='av-video-tmpl'><div class='avia-iframe-wrap'><iframe title=\"\u00bfC\u00f3mo de hace el vidrio laminado?\" width=\"1333\" height=\"1000\" src=\"https:\/\/www.youtube.com\/embed\/eQrE7x6J1Pg?feature=oembed&autoplay=0&loop=0&controls=1&mute=0\" frameborder=\"0\" allow=\"accelerometer; autoplay; clipboard-write; encrypted-media; gyroscope; picture-in-picture; web-share\" referrerpolicy=\"strict-origin-when-cross-origin\" allowfullscreen><\/iframe><\/div><\/script><div class='av-click-to-play-overlay'><div class=\"avia_playpause_icon\"><\/div><\/div><\/div><\/div>\n<style type=\"text\/css\" data-created_by=\"avia_inline_auto\" id=\"style-css-av-7n0k4-c4ff43e9fc6a6e28a99e71d2b09e848b\">\n.flex_column.av-7n0k4-c4ff43e9fc6a6e28a99e71d2b09e848b{\n-webkit-border-radius:0px 0px 0px 0px;\n-moz-border-radius:0px 0px 0px 0px;\nborder-radius:0px 0px 0px 0px;\npadding:0px 0px 0px 0px;\n}\n<\/style>\n<div class='flex_column av-7n0k4-c4ff43e9fc6a6e28a99e71d2b09e848b av_one_half  avia-builder-el-8  el_after_av_one_half  el_before_av_one_half  first flex_column_div av-zero-column-padding column-top-margin'     ><div  class='avia-video av-6m7bs-f35c7d4fbdaf14c0b14ac9d615e5d24c avia-video-16-9 av-no-preview-image avia-video-load-always av-lazyload-immediate av-lazyload-video-embed'  itemprop=\"video\" itemtype=\"https:\/\/schema.org\/VideoObject\"  data-original_url='https:\/\/youtu.be\/llnPDyjzf3c'><script type='text\/html' class='av-video-tmpl'><div class='avia-iframe-wrap'><iframe title=\"Prueba de Resistencia Vidrio Laminado\" width=\"1333\" height=\"1000\" src=\"https:\/\/www.youtube.com\/embed\/llnPDyjzf3c?feature=oembed&autoplay=0&loop=0&controls=1&mute=0\" frameborder=\"0\" allow=\"accelerometer; autoplay; clipboard-write; encrypted-media; gyroscope; picture-in-picture; web-share\" referrerpolicy=\"strict-origin-when-cross-origin\" allowfullscreen><\/iframe><\/div><\/script><div class='av-click-to-play-overlay'><div class=\"avia_playpause_icon\"><\/div><\/div><\/div><\/div><\/p>\n\n<style type=\"text\/css\" data-created_by=\"avia_inline_auto\" id=\"style-css-av-64gz8-871e2360ef5233b35c93b6616a21fd0d\">\n.flex_column.av-64gz8-871e2360ef5233b35c93b6616a21fd0d{\n-webkit-border-radius:0px 0px 0px 0px;\n-moz-border-radius:0px 0px 0px 0px;\nborder-radius:0px 0px 0px 0px;\npadding:0px 0px 0px 0px;\n}\n<\/style>\n<div class='flex_column av-64gz8-871e2360ef5233b35c93b6616a21fd0d av_one_half  avia-builder-el-10  el_after_av_one_half  el_before_av_one_half  flex_column_div av-zero-column-padding column-top-margin'     ><div  class='avia-video av-5m18s-0d503a01d52af021ea04a63ee4298591 avia-video-16-9 av-no-preview-image avia-video-load-always av-lazyload-immediate av-lazyload-video-embed'  itemprop=\"video\" itemtype=\"https:\/\/schema.org\/VideoObject\"  data-original_url='https:\/\/youtu.be\/qbIZjJ-7yYQ'><script type='text\/html' class='av-video-tmpl'><div class='avia-iframe-wrap'><iframe title=\"Laminated glass with film protection 8 mil int 7 mil ext\" width=\"1333\" height=\"1000\" src=\"https:\/\/www.youtube.com\/embed\/qbIZjJ-7yYQ?feature=oembed&autoplay=0&loop=0&controls=1&mute=0\" frameborder=\"0\" allow=\"accelerometer; autoplay; clipboard-write; encrypted-media; gyroscope; picture-in-picture; web-share\" referrerpolicy=\"strict-origin-when-cross-origin\" allowfullscreen><\/iframe><\/div><\/script><div class='av-click-to-play-overlay'><div class=\"avia_playpause_icon\"><\/div><\/div><\/div><\/div>\n<div class='flex_column av-52t1c-9f6af4a1045967fbc2b28573df8005f7 av_one_half  avia-builder-el-12  el_after_av_one_half  el_before_av_one_half  first flex_column_div column-top-margin'     ><section  class='av_textblock_section av-g3kk-439ffdbb4dfea23154e398851defd2fa'  itemscope=\"itemscope\" itemtype=\"https:\/\/schema.org\/CreativeWork\" ><div class='avia_textblock'  itemprop=\"text\" ><h4>3. Doble vidriado herm\u00e9tico &#8211; DVH<\/h4>\n<p>Un termopanel o DVH, es un producto  compuesto por dos vidrios Float, separados entre s\u00ed por una c\u00e1mara de aire seco y quieto que le da al DVH su capacidad de aislante t\u00e9rmico, herm\u00e9ticamente sellado al paso de la humedad y al vapor de agua.<\/p>\n<p>Respecto de un solo vidrio, brinda las siguientes ventajas a una ventana:<\/p>\n<p>+ Aumenta en m\u00e1s del 100% el aislamiento t\u00e9rmico del vidriado.<br \/>\n+ Mejora el aislamiento ac\u00fastico.<br \/>\n+ Disminuye hasta un 70% el consumo de energ\u00eda de climatizaci\u00f3n por las p\u00e9rdidas de calor a trav\u00e9s del vidrio.<br \/>\n+ Elimina la condensaci\u00f3n de humedad sobre el vidrio evitando que se empa\u00f1e.<br \/>\n+Anula el efecto de \u00abmuro fr\u00edo\u00bb aumentando el confort junto a la ventana.<br \/>\n+ Manufacturado con Float de color o reflectivo, brinda control solar y disminuye el resplandor de la excesiva luminosidad.Fuente: Ekoglass\u00ae<\/p>\n<\/div><\/section><\/div>\n\n<style type=\"text\/css\" data-created_by=\"avia_inline_auto\" id=\"style-css-av-av_one_half-699248f23a309dda907cee54960fbaa0\">\n.flex_column.av-av_one_half-699248f23a309dda907cee54960fbaa0{\n-webkit-border-radius:0px 0px 0px 0px;\n-moz-border-radius:0px 0px 0px 0px;\nborder-radius:0px 0px 0px 0px;\npadding:0px 0px 0px 0px;\n}\n<\/style>\n<div class='flex_column av-av_one_half-699248f23a309dda907cee54960fbaa0 av_one_half  avia-builder-el-14  el_after_av_one_half  el_before_av_one_half  flex_column_div av-zero-column-padding column-top-margin'     ><div  class='avia-video av-av_video-98e8b135049ded6109b5cac853d3a219 avia-video-16-9 av-no-preview-image avia-video-load-always av-lazyload-immediate av-lazyload-video-embed'  itemprop=\"video\" itemtype=\"https:\/\/schema.org\/VideoObject\"  data-original_url='https:\/\/youtu.be\/qbIZjJ-7yYQ'><script type='text\/html' class='av-video-tmpl'><div class='avia-iframe-wrap'><iframe title=\"Laminated glass with film protection 8 mil int 7 mil ext\" width=\"1333\" height=\"1000\" src=\"https:\/\/www.youtube.com\/embed\/qbIZjJ-7yYQ?feature=oembed&autoplay=0&loop=0&controls=1&mute=0\" frameborder=\"0\" allow=\"accelerometer; autoplay; clipboard-write; encrypted-media; gyroscope; picture-in-picture; web-share\" referrerpolicy=\"strict-origin-when-cross-origin\" allowfullscreen><\/iframe><\/div><\/script><div class='av-click-to-play-overlay'><div class=\"avia_playpause_icon\"><\/div><\/div><\/div><\/div>\n<div class='flex_column av-2kzbg-0c4acf41f455ea8e7466b2ce8ae33ed3 av_one_half  avia-builder-el-16  el_after_av_one_half  el_before_av_one_half  first flex_column_div column-top-margin'     ><section  class='av_textblock_section av-29h74-ad286eea7649639bb3e98cb15af16c6d'  itemscope=\"itemscope\" itemtype=\"https:\/\/schema.org\/CreativeWork\" ><div class='avia_textblock'  itemprop=\"text\" ><h4>4. Espejos<\/h4>\n<p>Los espejos como utensilios de tocador y objeto manual fueron muy usados en las civilizaciones egipcia, griega, etrusca y romana. Se elaboraban siempre con metal bru\u00f1ido, generalmente cobre, plata o bronce, a este proceso se le conoce como plateo.<\/p>\n<p>Los espejos modernos consisten de un vidrio plano en el cual se deposita una delgada capa de plata met\u00e1lica sobre una base de esta\u00f1o para mejorar la adherencia. Despu\u00e9s se cubre esta capa de plata con una pintura protectora u otros elementos que protegen el metal y hacen al espejo m\u00e1s duradero.<\/p>\n<\/div><\/section><\/div>\n\n<style type=\"text\/css\" data-created_by=\"avia_inline_auto\" id=\"style-css-av-1g79g-3ef9d1a660d44d147d045ef589dccb59\">\n.flex_column.av-1g79g-3ef9d1a660d44d147d045ef589dccb59{\n-webkit-border-radius:0px 0px 0px 0px;\n-moz-border-radius:0px 0px 0px 0px;\nborder-radius:0px 0px 0px 0px;\npadding:0px 0px 0px 0px;\n}\n<\/style>\n<div class='flex_column av-1g79g-3ef9d1a660d44d147d045ef589dccb59 av_one_half  avia-builder-el-18  el_after_av_one_half  avia-builder-el-last  flex_column_div av-zero-column-padding column-top-margin'     ><div  class='avia-video av-omwg-bbde4747c97e05720bca8c1bb569b076 avia-video-16-9 av-no-preview-image avia-video-load-always av-lazyload-immediate av-lazyload-video-embed'  itemprop=\"video\" itemtype=\"https:\/\/schema.org\/VideoObject\"  data-original_url='https:\/\/youtu.be\/_q4KypajIW0'><script type='text\/html' class='av-video-tmpl'><div class='avia-iframe-wrap'><iframe title=\"\u00bfC\u00f3mo se Fabrican Los Espejos en los que nos miramos cada d\u00eda?\" width=\"1500\" height=\"844\" src=\"https:\/\/www.youtube.com\/embed\/_q4KypajIW0?feature=oembed&autoplay=0&loop=0&controls=1&mute=0\" frameborder=\"0\" allow=\"accelerometer; autoplay; clipboard-write; encrypted-media; gyroscope; picture-in-picture; web-share\" referrerpolicy=\"strict-origin-when-cross-origin\" allowfullscreen><\/iframe><\/div><\/script><div class='av-click-to-play-overlay'><div class=\"avia_playpause_icon\"><\/div><\/div><\/div><\/div>\n","protected":false},"excerpt":{"rendered":"","protected":false},"author":1,"featured_media":0,"parent":611,"menu_order":35,"comment_status":"closed","ping_status":"closed","template":"","meta":[],"_links":{"self":[{"href":"https:\/\/sjfresno.com.ar\/es-ar\/wp-json\/wp\/v2\/pages\/24"}],"collection":[{"href":"https:\/\/sjfresno.com.ar\/es-ar\/wp-json\/wp\/v2\/pages"}],"about":[{"href":"https:\/\/sjfresno.com.ar\/es-ar\/wp-json\/wp\/v2\/types\/page"}],"author":[{"embeddable":true,"href":"https:\/\/sjfresno.com.ar\/es-ar\/wp-json\/wp\/v2\/users\/1"}],"replies":[{"embeddable":true,"href":"https:\/\/sjfresno.com.ar\/es-ar\/wp-json\/wp\/v2\/comments?post=24"}],"version-history":[{"count":20,"href":"https:\/\/sjfresno.com.ar\/es-ar\/wp-json\/wp\/v2\/pages\/24\/revisions"}],"predecessor-version":[{"id":1634,"href":"https:\/\/sjfresno.com.ar\/es-ar\/wp-json\/wp\/v2\/pages\/24\/revisions\/1634"}],"up":[{"embeddable":true,"href":"https:\/\/sjfresno.com.ar\/es-ar\/wp-json\/wp\/v2\/pages\/611"}],"wp:attachment":[{"href":"https:\/\/sjfresno.com.ar\/es-ar\/wp-json\/wp\/v2\/media?parent=24"}],"curies":[{"name":"wp","href":"https:\/\/api.w.org\/{rel}","templated":true}]}}