{"id":576,"date":"2015-02-13T15:11:33","date_gmt":"2015-02-13T18:41:33","guid":{"rendered":"http:\/\/www.sjfresno.com.ar\/es\/?page_id=576"},"modified":"2025-02-01T18:46:35","modified_gmt":"2025-02-01T21:46:35","slug":"anodizado","status":"publish","type":"page","link":"https:\/\/sjfresno.com.ar\/es-ar\/datos-tecnicos\/anodizado\/","title":{"rendered":"Anodizado"},"content":{"rendered":"<section  class='av_textblock_section av-m8600-ff27eedd4feb806edc93c87ea3f32c6d'  itemscope=\"itemscope\" itemtype=\"https:\/\/schema.org\/CreativeWork\" ><div class='avia_textblock'  itemprop=\"text\" ><h2><span style=\"color: #339966;\"><strong>Anodizado<\/strong><\/span><\/h2>\n<p style=\"text-align: justify;\">El anodizado es un proceso electrol\u00edtico por el cual se forma una capa de protecci\u00f3n sobre el aluminio conocido como \u201cal\u00famina\u201d. La capa protectora se forma debido al paso de una corriente el\u00e9ctrica en un electrolito \u00e1cido, tomando el aluminio como \u00e1nodo. De acuerdo con el espesor de esta capa se obtiene mayor resistencia y durabilidad a los agentes externos. (agua, ambientes salitrosos, rayos UV, etc.) Este resultado, sumado al est\u00e9tico acabado que se logra con el anodizado, abre infinitas posibilidades de aplicaci\u00f3n para los productos y componentes comerciales e industriales.<\/p>\n<\/div><\/section>\n\n<style type=\"text\/css\" data-created_by=\"avia_inline_auto\" id=\"style-css-av-erge0-c2f3839d126352b27cf693b60025ba11\">\n.avia-image-container.av-erge0-c2f3839d126352b27cf693b60025ba11 img.avia_image{\nbox-shadow:none;\n}\n.avia-image-container.av-erge0-c2f3839d126352b27cf693b60025ba11 .av-image-caption-overlay-center{\ncolor:#ffffff;\n}\n<\/style>\n<div  class='avia-image-container av-erge0-c2f3839d126352b27cf693b60025ba11 av-styling- avia-align-center  avia-builder-el-1  el_after_av_textblock  el_before_av_textblock '   itemprop=\"image\" itemscope=\"itemscope\" itemtype=\"https:\/\/schema.org\/ImageObject\" ><div class=\"avia-image-container-inner\"><div class=\"avia-image-overlay-wrap\"><a href=\"https:\/\/sjfresno.com.ar\/es-ar\/wp-content\/uploads\/2015\/02\/anodizados.jpg\" data-srcset=\"https:\/\/sjfresno.com.ar\/es-ar\/wp-content\/uploads\/2015\/02\/anodizados.jpg 460w, https:\/\/sjfresno.com.ar\/es-ar\/wp-content\/uploads\/2015\/02\/anodizados-300x130.jpg 300w, https:\/\/sjfresno.com.ar\/es-ar\/wp-content\/uploads\/2015\/02\/anodizados-450x196.jpg 450w\" data-sizes=\"(max-width: 460px) 100vw, 460px\" class='avia_image' ><img decoding=\"async\" class='wp-image-583 avia-img-lazy-loading-not-583 avia_image ' src=\"https:\/\/sjfresno.com.ar\/es-ar\/wp-content\/uploads\/2015\/02\/anodizados.jpg\" alt='' title='anodizados'  height=\"200\" width=\"460\"  itemprop=\"thumbnailUrl\" srcset=\"https:\/\/sjfresno.com.ar\/es-ar\/wp-content\/uploads\/2015\/02\/anodizados.jpg 460w, https:\/\/sjfresno.com.ar\/es-ar\/wp-content\/uploads\/2015\/02\/anodizados-300x130.jpg 300w, https:\/\/sjfresno.com.ar\/es-ar\/wp-content\/uploads\/2015\/02\/anodizados-450x196.jpg 450w\" sizes=\"(max-width: 460px) 100vw, 460px\" \/><\/a><\/div><\/div><\/div>\n<section  class='av_textblock_section av-94rbk-5efe3085be1771129c15bb58e07b7c43'  itemscope=\"itemscope\" itemtype=\"https:\/\/schema.org\/CreativeWork\" ><div class='avia_textblock'  itemprop=\"text\" ><h3><strong>Propiedades<\/strong><\/h3>\n<p style=\"text-align: justify;\">El aluminio anodizado es uno de los metales con mayores atributos en cuanto a su ligereza, fortaleza, resistencia, estabilidad y aislaci\u00f3n. Cuando quedan expuestos al medio ambiente, la mayor\u00eda de los metales sufren el proceso denominado \u201ccorrosi\u00f3n\u201d. \u00c9ste puede tener distintos grados de severidad, pero independientemente de ellos, la superficie del metal se transforma cambiando su aspecto y sobre todo sus propiedades mec\u00e1nicas. A diferencia de otros tratamientos sobre las superficies de aluminio, la ANODIZACI\u00d3N PASA A FORMAR PARTE DE LA PROPIA ESTRUCTURA del metal, lo cual le da una resistencia y durabilidad \u00daNICA. El aluminio ANODIZADO es tan resistente a la abrasi\u00f3n que la NASA lo ha elegido como la \u00fanica alternativa para la codificaci\u00f3n de colores en la estaci\u00f3n espacial internacional.<\/p>\n<h3><strong>Beneficios<\/strong><\/h3>\n<p style=\"text-align: justify;\">\u2714 Durabilidad:<br \/>\nExcelente resistencia al desgaste y la corrosi\u00f3n. La mayor\u00eda de los productos anodizados tienen una larga vida \u00fatil toda vez que es un proceso que se integra a la superficie del aluminio por lo tanto no puede ser escamada, ni pelada.No es afectada por la luz solar.<\/p>\n<p style=\"text-align: justify;\">\u2714 Bajo mantenimiento:<br \/>\nEn la mayor\u00eda de los casos una simple limpieza con jab\u00f3n suave y agua restablecer\u00e1 el aspecto original de la superficie del aluminio anodizado.<\/p>\n<p style=\"text-align: justify;\">\u2714 Est\u00e9tica:<br \/>\nEl anodizado ofrece gran diversidad de tonos, colores y texturas brillantes o mate, satisfaciendo los gustos m\u00e1s exigentes y variados. A diferencia de otros acabados, el aluminio anodizado permite mantener la apariencia met\u00e1lica del material. La capa an\u00f3dica es transl\u00facida, esto permite observar el metal base otorgando al aluminio una apariencia de superficie met\u00e1lica muy superior a la que se puede lograr con pinturas org\u00e1nicas.<\/p>\n<p style=\"text-align: justify;\">\u2714 Seguridad:<br \/>\nUn acabado anodizado es qu\u00edmicamente estable. No se descompone, no es t\u00f3xico. No es combustible por debajo del grado de fusi\u00f3n del aluminio: 660\u00ba C., brindando un alt\u00edsimo grado de seguridad.<\/p>\n<p style=\"text-align: justify;\">\u2714 Reciclable:<br \/>\nNo altera las propiedades reciclables del aluminio.<\/p>\n<p style=\"text-align: justify;\">\u2714 Aislante el\u00e9ctrico:<br \/>\nPosee cualidades aislantes con un voltaje de ruptura de 500 \u2013 600 V en un espesor de 12 -15 micrones.<\/p>\n<\/div><\/section>\n","protected":false},"excerpt":{"rendered":"","protected":false},"author":1,"featured_media":0,"parent":611,"menu_order":33,"comment_status":"closed","ping_status":"closed","template":"","meta":[],"_links":{"self":[{"href":"https:\/\/sjfresno.com.ar\/es-ar\/wp-json\/wp\/v2\/pages\/576"}],"collection":[{"href":"https:\/\/sjfresno.com.ar\/es-ar\/wp-json\/wp\/v2\/pages"}],"about":[{"href":"https:\/\/sjfresno.com.ar\/es-ar\/wp-json\/wp\/v2\/types\/page"}],"author":[{"embeddable":true,"href":"https:\/\/sjfresno.com.ar\/es-ar\/wp-json\/wp\/v2\/users\/1"}],"replies":[{"embeddable":true,"href":"https:\/\/sjfresno.com.ar\/es-ar\/wp-json\/wp\/v2\/comments?post=576"}],"version-history":[{"count":16,"href":"https:\/\/sjfresno.com.ar\/es-ar\/wp-json\/wp\/v2\/pages\/576\/revisions"}],"predecessor-version":[{"id":1630,"href":"https:\/\/sjfresno.com.ar\/es-ar\/wp-json\/wp\/v2\/pages\/576\/revisions\/1630"}],"up":[{"embeddable":true,"href":"https:\/\/sjfresno.com.ar\/es-ar\/wp-json\/wp\/v2\/pages\/611"}],"wp:attachment":[{"href":"https:\/\/sjfresno.com.ar\/es-ar\/wp-json\/wp\/v2\/media?parent=576"}],"curies":[{"name":"wp","href":"https:\/\/api.w.org\/{rel}","templated":true}]}}