{"id":590,"date":"2015-02-16T09:41:47","date_gmt":"2015-02-16T12:41:47","guid":{"rendered":"http:\/\/www.sjfresno.com.ar\/es\/?page_id=590"},"modified":"2025-02-01T18:49:19","modified_gmt":"2025-02-01T21:49:19","slug":"pintado","status":"publish","type":"page","link":"https:\/\/sjfresno.com.ar\/es-ar\/datos-tecnicos\/pintado\/","title":{"rendered":"Pintado termopl\u00e1stico"},"content":{"rendered":"<section  class='av_textblock_section av-t281a-0d9312cedfd9b36227a3054ee453cd56'  itemscope=\"itemscope\" itemtype=\"https:\/\/schema.org\/CreativeWork\" ><div class='avia_textblock'  itemprop=\"text\" ><h2><span style=\"color: #339966;\"><strong>Pintado termopl\u00e1stico<\/strong><\/span><\/h2>\n<\/div><\/section>\n<section  class='av_textblock_section av-28x9i-a902283286bdc8068c4b3521761d7d83'  itemscope=\"itemscope\" itemtype=\"https:\/\/schema.org\/CreativeWork\" ><div class='avia_textblock'  itemprop=\"text\" ><h3>Esmaltado de perfiles de aluminio<\/h3>\n<p style=\"text-align: justify;\">En la evoluci\u00f3n de todo proyecto, el color interpreta ideas del dise\u00f1ador. En el caso de obras civiles, las terminaciones y aberturas de aluminio posibilitan complementar dichas ideas, con colores y texturas cada vez mas variados. Las pinturas termopl\u00e1sticas nos ofrecen una importante gama de colores, que sin duda, coincidir\u00e1 con la elecci\u00f3n del profesional m\u00e1s exigente. Estas pinturas, denominadas termoconvertibles, son revestimientos de naturaleza org\u00e1nica sintetizados para ser aplicados sobre materiales que puedan ser sometidos a un tratamiento de horneado posterior.<\/p>\n<\/div><\/section>\n\n<style type=\"text\/css\" data-created_by=\"avia_inline_auto\" id=\"style-css-av-f1c3y-a2d2b79a409947ce50953c102cf53cad\">\n.avia-image-container.av-f1c3y-a2d2b79a409947ce50953c102cf53cad img.avia_image{\nbox-shadow:none;\n}\n.avia-image-container.av-f1c3y-a2d2b79a409947ce50953c102cf53cad .av-image-caption-overlay-center{\ncolor:#ffffff;\n}\n<\/style>\n<div  class='avia-image-container av-f1c3y-a2d2b79a409947ce50953c102cf53cad av-styling- avia-align-center  avia-builder-el-2  el_after_av_textblock  el_before_av_textblock '   itemprop=\"image\" itemscope=\"itemscope\" itemtype=\"https:\/\/schema.org\/ImageObject\" ><div class=\"avia-image-container-inner\"><div class=\"avia-image-overlay-wrap\"><a href=\"https:\/\/sjfresno.com.ar\/es-ar\/wp-content\/uploads\/2015\/02\/gama-de-colores.jpg\" data-srcset=\"https:\/\/sjfresno.com.ar\/es-ar\/wp-content\/uploads\/2015\/02\/gama-de-colores.jpg 700w, https:\/\/sjfresno.com.ar\/es-ar\/wp-content\/uploads\/2015\/02\/gama-de-colores-300x177.jpg 300w, https:\/\/sjfresno.com.ar\/es-ar\/wp-content\/uploads\/2015\/02\/gama-de-colores-450x265.jpg 450w\" data-sizes=\"(max-width: 700px) 100vw, 700px\" class='avia_image' ><img decoding=\"async\" class='wp-image-617 avia-img-lazy-loading-not-617 avia_image ' src=\"https:\/\/sjfresno.com.ar\/es-ar\/wp-content\/uploads\/2015\/02\/gama-de-colores.jpg\" alt='' title='gama-de-colores'  height=\"412\" width=\"700\"  itemprop=\"thumbnailUrl\" srcset=\"https:\/\/sjfresno.com.ar\/es-ar\/wp-content\/uploads\/2015\/02\/gama-de-colores.jpg 700w, https:\/\/sjfresno.com.ar\/es-ar\/wp-content\/uploads\/2015\/02\/gama-de-colores-300x177.jpg 300w, https:\/\/sjfresno.com.ar\/es-ar\/wp-content\/uploads\/2015\/02\/gama-de-colores-450x265.jpg 450w\" sizes=\"(max-width: 700px) 100vw, 700px\" \/><\/a><\/div><\/div><\/div>\n<section  class='av_textblock_section av-vv26-c564b85f99dfab1052acceebb1cb7bba'  itemscope=\"itemscope\" itemtype=\"https:\/\/schema.org\/CreativeWork\" ><div class='avia_textblock'  itemprop=\"text\" ><h4>Su composici\u00f3n incluye:<\/h4>\n<p>\u2714\u00a0Resina base<br \/>\n\u2714 Agentes de curado<br \/>\n\u2714 Pigmentos y cargas<br \/>\n\u2714 Aditivos<br \/>\n\u2714 Fluidificantes<\/p>\n<\/div><\/section>\n","protected":false},"excerpt":{"rendered":"","protected":false},"author":1,"featured_media":0,"parent":611,"menu_order":34,"comment_status":"closed","ping_status":"closed","template":"","meta":[],"_links":{"self":[{"href":"https:\/\/sjfresno.com.ar\/es-ar\/wp-json\/wp\/v2\/pages\/590"}],"collection":[{"href":"https:\/\/sjfresno.com.ar\/es-ar\/wp-json\/wp\/v2\/pages"}],"about":[{"href":"https:\/\/sjfresno.com.ar\/es-ar\/wp-json\/wp\/v2\/types\/page"}],"author":[{"embeddable":true,"href":"https:\/\/sjfresno.com.ar\/es-ar\/wp-json\/wp\/v2\/users\/1"}],"replies":[{"embeddable":true,"href":"https:\/\/sjfresno.com.ar\/es-ar\/wp-json\/wp\/v2\/comments?post=590"}],"version-history":[{"count":7,"href":"https:\/\/sjfresno.com.ar\/es-ar\/wp-json\/wp\/v2\/pages\/590\/revisions"}],"predecessor-version":[{"id":1632,"href":"https:\/\/sjfresno.com.ar\/es-ar\/wp-json\/wp\/v2\/pages\/590\/revisions\/1632"}],"up":[{"embeddable":true,"href":"https:\/\/sjfresno.com.ar\/es-ar\/wp-json\/wp\/v2\/pages\/611"}],"wp:attachment":[{"href":"https:\/\/sjfresno.com.ar\/es-ar\/wp-json\/wp\/v2\/media?parent=590"}],"curies":[{"name":"wp","href":"https:\/\/api.w.org\/{rel}","templated":true}]}}