{"id":693,"date":"2015-05-04T18:19:05","date_gmt":"2015-05-04T21:19:05","guid":{"rendered":"http:\/\/www.sjfresno.com.ar\/es\/?page_id=693"},"modified":"2023-03-10T03:31:25","modified_gmt":"2023-03-10T06:31:25","slug":"obras","status":"publish","type":"page","link":"https:\/\/sjfresno.com.ar\/es-ar\/obras\/","title":{"rendered":"Obras"},"content":{"rendered":"<article  class='iconbox iconbox_left av-av_icon_box-602d8fb1d3e4ad60745679722012cccd  avia-builder-el-0  el_before_av_icon_box  avia-builder-el-first '  itemscope=\"itemscope\" itemtype=\"https:\/\/schema.org\/CreativeWork\" ><div class=\"iconbox_content\"><header class=\"entry-content-header\"><div class=\"iconbox_icon heading-color\" aria-hidden='true' data-av_icon='\ue80f' data-av_iconfont='entypo-fontello'><\/div><h3 class='iconbox_content_title '  itemprop=\"headline\" >Galer\u00eda de fotos N\u00ba1 (p\u00fablica)<\/h3><\/header><div class='iconbox_content_container '  itemprop=\"text\" ><p>En esta secci\u00f3n encontrar\u00e1 algunas de las obras realizadas, referenciando tratamientos, colores, algunos accesorios, y las tipolog\u00edas m\u00e1s utilizadas en obras de mediana envergadura.<\/p>\n<\/div><\/div><footer class=\"entry-footer\"><\/footer><\/article>\n<article  class='iconbox iconbox_left av-av_icon_box-c1835cc4f7fd769096a7f2f583e53b94  avia-builder-el-1  el_after_av_icon_box  avia-builder-el-last '  itemscope=\"itemscope\" itemtype=\"https:\/\/schema.org\/CreativeWork\" ><div class=\"iconbox_content\"><header class=\"entry-content-header\"><div class=\"iconbox_icon heading-color\" aria-hidden='true' data-av_icon='\ue80f' data-av_iconfont='entypo-fontello'><\/div><h3 class='iconbox_content_title '  itemprop=\"headline\" ><a href='https:\/\/sjfresno.com.ar\/es-ar\/obras\/obras2\/' title='Galer\u00eda de fotos N\u00ba2 (privada)'  >Galer\u00eda de fotos N\u00ba2 (privada)<\/a><\/h3><\/header><div class='iconbox_content_container '  itemprop=\"text\" ><p>Remarcando nuestras obras destacadas, Ud. podr\u00e1 consultar esta galer\u00eda de fotos. Necesitar\u00e1 acceder mediante una contrase\u00f1a temporal que le asignaremos inmediatamente. No olvide solicitarla en nuestro formulario de contacto.<\/p>\n<\/div><\/div><footer class=\"entry-footer\"><\/footer><\/article>\n","protected":false},"excerpt":{"rendered":"","protected":false},"author":1,"featured_media":0,"parent":0,"menu_order":3,"comment_status":"closed","ping_status":"closed","template":"","meta":[],"_links":{"self":[{"href":"https:\/\/sjfresno.com.ar\/es-ar\/wp-json\/wp\/v2\/pages\/693"}],"collection":[{"href":"https:\/\/sjfresno.com.ar\/es-ar\/wp-json\/wp\/v2\/pages"}],"about":[{"href":"https:\/\/sjfresno.com.ar\/es-ar\/wp-json\/wp\/v2\/types\/page"}],"author":[{"embeddable":true,"href":"https:\/\/sjfresno.com.ar\/es-ar\/wp-json\/wp\/v2\/users\/1"}],"replies":[{"embeddable":true,"href":"https:\/\/sjfresno.com.ar\/es-ar\/wp-json\/wp\/v2\/comments?post=693"}],"version-history":[{"count":3,"href":"https:\/\/sjfresno.com.ar\/es-ar\/wp-json\/wp\/v2\/pages\/693\/revisions"}],"predecessor-version":[{"id":753,"href":"https:\/\/sjfresno.com.ar\/es-ar\/wp-json\/wp\/v2\/pages\/693\/revisions\/753"}],"wp:attachment":[{"href":"https:\/\/sjfresno.com.ar\/es-ar\/wp-json\/wp\/v2\/media?parent=693"}],"curies":[{"name":"wp","href":"https:\/\/api.w.org\/{rel}","templated":true}]}}