{"id":7,"date":"2014-06-20T22:57:07","date_gmt":"2014-06-21T01:57:07","guid":{"rendered":"http:\/\/www.sjfresno.com.ar\/es\/?page_id=7"},"modified":"2023-03-10T03:31:10","modified_gmt":"2023-03-10T06:31:10","slug":"home","status":"publish","type":"page","link":"https:\/\/sjfresno.com.ar\/es-ar\/","title":{"rendered":"Home"},"content":{"rendered":"<div id='full_slider_1'  class='avia-fullwidth-slider main_color avia-shadow   avia-builder-el-0  el_before_av_one_third  avia-builder-el-first   container_wrap fullsize'  ><div  class='avia-slideshow av-av_slideshow_full-605e09e669456d9538f89a75a5120435 avia-slideshow-featured_large av_slideshow_full avia-fade-slider av-slideshow-ui av-control-hidden av-no-slider-navigation av-hide-nav-arrows av-slideshow-autoplay av-loop-endless av-loop-manual-endless av-default-height-applied   avia-slideshow-1' data-slideshow-options=\"{&quot;animation&quot;:&quot;fade&quot;,&quot;autoplay&quot;:true,&quot;loop_autoplay&quot;:&quot;endless&quot;,&quot;interval&quot;:5,&quot;loop_manual&quot;:&quot;manual-endless&quot;,&quot;autoplay_stopper&quot;:false,&quot;noNavigation&quot;:true,&quot;bg_slider&quot;:false,&quot;keep_padding&quot;:false,&quot;hoverpause&quot;:false,&quot;show_slide_delay&quot;:0}\"  itemprop=\"image\" itemscope=\"itemscope\" itemtype=\"https:\/\/schema.org\/ImageObject\" ><ul class='avia-slideshow-inner ' style='padding-bottom: 27.777777777778%;'><li  class='avia-slideshow-slide av-av_slideshow_full-605e09e669456d9538f89a75a5120435__0  slide-1 slide-odd'><div data-rel='slideshow-1' class='avia-slide-wrap '   ><img decoding=\"async\" class=\"wp-image-82 avia-img-lazy-loading-not-82\"  src=\"https:\/\/sjfresno.com.ar\/es-ar\/wp-content\/uploads\/2014\/06\/slide_12.jpg\" width=\"1080\" height=\"300\" title='slide_12' alt=''  itemprop=\"thumbnailUrl\" srcset=\"https:\/\/sjfresno.com.ar\/es-ar\/wp-content\/uploads\/2014\/06\/slide_12.jpg 1080w, https:\/\/sjfresno.com.ar\/es-ar\/wp-content\/uploads\/2014\/06\/slide_12-300x83.jpg 300w, https:\/\/sjfresno.com.ar\/es-ar\/wp-content\/uploads\/2014\/06\/slide_12-1030x286.jpg 1030w, https:\/\/sjfresno.com.ar\/es-ar\/wp-content\/uploads\/2014\/06\/slide_12-705x195.jpg 705w, https:\/\/sjfresno.com.ar\/es-ar\/wp-content\/uploads\/2014\/06\/slide_12-450x125.jpg 450w\" sizes=\"(max-width: 1080px) 100vw, 1080px\" \/><\/div><\/li><li  class='avia-slideshow-slide av-av_slideshow_full-605e09e669456d9538f89a75a5120435__1  slide-2 slide-even'><div data-rel='slideshow-1' class='avia-slide-wrap '   ><img decoding=\"async\" class=\"wp-image-81 avia-img-lazy-loading-not-81\"  src=\"https:\/\/sjfresno.com.ar\/es-ar\/wp-content\/uploads\/2014\/06\/slide_11.jpg\" width=\"1080\" height=\"300\" title='slide_11' alt=''  itemprop=\"thumbnailUrl\" srcset=\"https:\/\/sjfresno.com.ar\/es-ar\/wp-content\/uploads\/2014\/06\/slide_11.jpg 1080w, https:\/\/sjfresno.com.ar\/es-ar\/wp-content\/uploads\/2014\/06\/slide_11-300x83.jpg 300w, https:\/\/sjfresno.com.ar\/es-ar\/wp-content\/uploads\/2014\/06\/slide_11-1030x286.jpg 1030w, https:\/\/sjfresno.com.ar\/es-ar\/wp-content\/uploads\/2014\/06\/slide_11-705x195.jpg 705w, https:\/\/sjfresno.com.ar\/es-ar\/wp-content\/uploads\/2014\/06\/slide_11-450x125.jpg 450w\" sizes=\"(max-width: 1080px) 100vw, 1080px\" \/><\/div><\/li><li  class='avia-slideshow-slide av-av_slideshow_full-605e09e669456d9538f89a75a5120435__2  slide-3 slide-odd'><div data-rel='slideshow-1' class='avia-slide-wrap '   ><img decoding=\"async\" class=\"wp-image-80 avia-img-lazy-loading-not-80\"  src=\"https:\/\/sjfresno.com.ar\/es-ar\/wp-content\/uploads\/2014\/06\/slide_10.jpg\" width=\"1080\" height=\"300\" title='slide_10' alt=''  itemprop=\"thumbnailUrl\" srcset=\"https:\/\/sjfresno.com.ar\/es-ar\/wp-content\/uploads\/2014\/06\/slide_10.jpg 1080w, https:\/\/sjfresno.com.ar\/es-ar\/wp-content\/uploads\/2014\/06\/slide_10-300x83.jpg 300w, https:\/\/sjfresno.com.ar\/es-ar\/wp-content\/uploads\/2014\/06\/slide_10-1030x286.jpg 1030w, https:\/\/sjfresno.com.ar\/es-ar\/wp-content\/uploads\/2014\/06\/slide_10-705x195.jpg 705w, https:\/\/sjfresno.com.ar\/es-ar\/wp-content\/uploads\/2014\/06\/slide_10-450x125.jpg 450w\" sizes=\"(max-width: 1080px) 100vw, 1080px\" \/><\/div><\/li><li  class='avia-slideshow-slide av-av_slideshow_full-605e09e669456d9538f89a75a5120435__3  slide-4 slide-even'><div data-rel='slideshow-1' class='avia-slide-wrap '   ><img decoding=\"async\" class=\"wp-image-79 avia-img-lazy-loading-not-79\"  src=\"https:\/\/sjfresno.com.ar\/es-ar\/wp-content\/uploads\/2014\/06\/slide_9.jpg\" width=\"1080\" height=\"300\" title='slide_9' alt=''  itemprop=\"thumbnailUrl\" srcset=\"https:\/\/sjfresno.com.ar\/es-ar\/wp-content\/uploads\/2014\/06\/slide_9.jpg 1080w, https:\/\/sjfresno.com.ar\/es-ar\/wp-content\/uploads\/2014\/06\/slide_9-300x83.jpg 300w, https:\/\/sjfresno.com.ar\/es-ar\/wp-content\/uploads\/2014\/06\/slide_9-1030x286.jpg 1030w, https:\/\/sjfresno.com.ar\/es-ar\/wp-content\/uploads\/2014\/06\/slide_9-705x195.jpg 705w, https:\/\/sjfresno.com.ar\/es-ar\/wp-content\/uploads\/2014\/06\/slide_9-450x125.jpg 450w\" sizes=\"(max-width: 1080px) 100vw, 1080px\" \/><\/div><\/li><li  class='avia-slideshow-slide av-av_slideshow_full-605e09e669456d9538f89a75a5120435__4  slide-5 slide-odd'><div data-rel='slideshow-1' class='avia-slide-wrap '   ><img decoding=\"async\" class=\"wp-image-78 avia-img-lazy-loading-not-78\"  src=\"https:\/\/sjfresno.com.ar\/es-ar\/wp-content\/uploads\/2014\/06\/slide_8.jpg\" width=\"1080\" height=\"300\" title='slide_8' alt=''  itemprop=\"thumbnailUrl\" srcset=\"https:\/\/sjfresno.com.ar\/es-ar\/wp-content\/uploads\/2014\/06\/slide_8.jpg 1080w, https:\/\/sjfresno.com.ar\/es-ar\/wp-content\/uploads\/2014\/06\/slide_8-300x83.jpg 300w, https:\/\/sjfresno.com.ar\/es-ar\/wp-content\/uploads\/2014\/06\/slide_8-1030x286.jpg 1030w, https:\/\/sjfresno.com.ar\/es-ar\/wp-content\/uploads\/2014\/06\/slide_8-705x195.jpg 705w, https:\/\/sjfresno.com.ar\/es-ar\/wp-content\/uploads\/2014\/06\/slide_8-450x125.jpg 450w\" sizes=\"(max-width: 1080px) 100vw, 1080px\" \/><\/div><\/li><li  class='avia-slideshow-slide av-av_slideshow_full-605e09e669456d9538f89a75a5120435__5  slide-6 slide-even'><div data-rel='slideshow-1' class='avia-slide-wrap '   ><img decoding=\"async\" class=\"wp-image-77 avia-img-lazy-loading-not-77\"  src=\"https:\/\/sjfresno.com.ar\/es-ar\/wp-content\/uploads\/2014\/06\/slide_7.jpg\" width=\"1080\" height=\"300\" title='slide_7' alt=''  itemprop=\"thumbnailUrl\" srcset=\"https:\/\/sjfresno.com.ar\/es-ar\/wp-content\/uploads\/2014\/06\/slide_7.jpg 1080w, https:\/\/sjfresno.com.ar\/es-ar\/wp-content\/uploads\/2014\/06\/slide_7-300x83.jpg 300w, https:\/\/sjfresno.com.ar\/es-ar\/wp-content\/uploads\/2014\/06\/slide_7-1030x286.jpg 1030w, https:\/\/sjfresno.com.ar\/es-ar\/wp-content\/uploads\/2014\/06\/slide_7-705x195.jpg 705w, https:\/\/sjfresno.com.ar\/es-ar\/wp-content\/uploads\/2014\/06\/slide_7-450x125.jpg 450w\" sizes=\"(max-width: 1080px) 100vw, 1080px\" \/><\/div><\/li><li  class='avia-slideshow-slide av-av_slideshow_full-605e09e669456d9538f89a75a5120435__6  slide-7 slide-odd'><div data-rel='slideshow-1' class='avia-slide-wrap '   ><img decoding=\"async\" class=\"wp-image-76 avia-img-lazy-loading-not-76\"  src=\"https:\/\/sjfresno.com.ar\/es-ar\/wp-content\/uploads\/2014\/06\/slide_6.jpg\" width=\"1080\" height=\"300\" title='slide_6' alt=''  itemprop=\"thumbnailUrl\" srcset=\"https:\/\/sjfresno.com.ar\/es-ar\/wp-content\/uploads\/2014\/06\/slide_6.jpg 1080w, https:\/\/sjfresno.com.ar\/es-ar\/wp-content\/uploads\/2014\/06\/slide_6-300x83.jpg 300w, https:\/\/sjfresno.com.ar\/es-ar\/wp-content\/uploads\/2014\/06\/slide_6-1030x286.jpg 1030w, https:\/\/sjfresno.com.ar\/es-ar\/wp-content\/uploads\/2014\/06\/slide_6-705x195.jpg 705w, https:\/\/sjfresno.com.ar\/es-ar\/wp-content\/uploads\/2014\/06\/slide_6-450x125.jpg 450w\" sizes=\"(max-width: 1080px) 100vw, 1080px\" \/><\/div><\/li><li  class='avia-slideshow-slide av-av_slideshow_full-605e09e669456d9538f89a75a5120435__7  slide-8 slide-even'><div data-rel='slideshow-1' class='avia-slide-wrap '   ><img decoding=\"async\" class=\"wp-image-75 avia-img-lazy-loading-not-75\"  src=\"https:\/\/sjfresno.com.ar\/es-ar\/wp-content\/uploads\/2014\/06\/slide_5.jpg\" width=\"1080\" height=\"300\" title='slide_5' alt=''  itemprop=\"thumbnailUrl\" srcset=\"https:\/\/sjfresno.com.ar\/es-ar\/wp-content\/uploads\/2014\/06\/slide_5.jpg 1080w, https:\/\/sjfresno.com.ar\/es-ar\/wp-content\/uploads\/2014\/06\/slide_5-300x83.jpg 300w, https:\/\/sjfresno.com.ar\/es-ar\/wp-content\/uploads\/2014\/06\/slide_5-1030x286.jpg 1030w, https:\/\/sjfresno.com.ar\/es-ar\/wp-content\/uploads\/2014\/06\/slide_5-705x195.jpg 705w, https:\/\/sjfresno.com.ar\/es-ar\/wp-content\/uploads\/2014\/06\/slide_5-450x125.jpg 450w\" sizes=\"(max-width: 1080px) 100vw, 1080px\" \/><\/div><\/li><li  class='avia-slideshow-slide av-av_slideshow_full-605e09e669456d9538f89a75a5120435__8  slide-9 slide-odd'><div data-rel='slideshow-1' class='avia-slide-wrap '   ><img decoding=\"async\" class=\"wp-image-74 avia-img-lazy-loading-not-74\"  src=\"https:\/\/sjfresno.com.ar\/es-ar\/wp-content\/uploads\/2014\/06\/slide_4.jpg\" width=\"1080\" height=\"300\" title='slide_4' alt=''  itemprop=\"thumbnailUrl\" srcset=\"https:\/\/sjfresno.com.ar\/es-ar\/wp-content\/uploads\/2014\/06\/slide_4.jpg 1080w, https:\/\/sjfresno.com.ar\/es-ar\/wp-content\/uploads\/2014\/06\/slide_4-300x83.jpg 300w, https:\/\/sjfresno.com.ar\/es-ar\/wp-content\/uploads\/2014\/06\/slide_4-1030x286.jpg 1030w, https:\/\/sjfresno.com.ar\/es-ar\/wp-content\/uploads\/2014\/06\/slide_4-705x195.jpg 705w, https:\/\/sjfresno.com.ar\/es-ar\/wp-content\/uploads\/2014\/06\/slide_4-450x125.jpg 450w\" sizes=\"(max-width: 1080px) 100vw, 1080px\" \/><\/div><\/li><li  class='avia-slideshow-slide av-av_slideshow_full-605e09e669456d9538f89a75a5120435__9  slide-10 slide-even'><div data-rel='slideshow-1' class='avia-slide-wrap '   ><img decoding=\"async\" class=\"wp-image-73 avia-img-lazy-loading-not-73\"  src=\"https:\/\/sjfresno.com.ar\/es-ar\/wp-content\/uploads\/2014\/06\/slide_3.jpg\" width=\"1080\" height=\"300\" title='slide_3' alt=''  itemprop=\"thumbnailUrl\" srcset=\"https:\/\/sjfresno.com.ar\/es-ar\/wp-content\/uploads\/2014\/06\/slide_3.jpg 1080w, https:\/\/sjfresno.com.ar\/es-ar\/wp-content\/uploads\/2014\/06\/slide_3-300x83.jpg 300w, https:\/\/sjfresno.com.ar\/es-ar\/wp-content\/uploads\/2014\/06\/slide_3-1030x286.jpg 1030w, https:\/\/sjfresno.com.ar\/es-ar\/wp-content\/uploads\/2014\/06\/slide_3-705x195.jpg 705w, https:\/\/sjfresno.com.ar\/es-ar\/wp-content\/uploads\/2014\/06\/slide_3-450x125.jpg 450w\" sizes=\"(max-width: 1080px) 100vw, 1080px\" \/><\/div><\/li><li  class='avia-slideshow-slide av-av_slideshow_full-605e09e669456d9538f89a75a5120435__10  slide-11 slide-odd'><div data-rel='slideshow-1' class='avia-slide-wrap '   ><img decoding=\"async\" class=\"wp-image-72 avia-img-lazy-loading-not-72\"  src=\"https:\/\/sjfresno.com.ar\/es-ar\/wp-content\/uploads\/2014\/06\/slide_2.jpg\" width=\"1080\" height=\"300\" title='slide_2' alt=''  itemprop=\"thumbnailUrl\" srcset=\"https:\/\/sjfresno.com.ar\/es-ar\/wp-content\/uploads\/2014\/06\/slide_2.jpg 1080w, https:\/\/sjfresno.com.ar\/es-ar\/wp-content\/uploads\/2014\/06\/slide_2-300x83.jpg 300w, https:\/\/sjfresno.com.ar\/es-ar\/wp-content\/uploads\/2014\/06\/slide_2-1030x286.jpg 1030w, https:\/\/sjfresno.com.ar\/es-ar\/wp-content\/uploads\/2014\/06\/slide_2-705x195.jpg 705w, https:\/\/sjfresno.com.ar\/es-ar\/wp-content\/uploads\/2014\/06\/slide_2-450x125.jpg 450w\" sizes=\"(max-width: 1080px) 100vw, 1080px\" \/><\/div><\/li><li  class='avia-slideshow-slide av-av_slideshow_full-605e09e669456d9538f89a75a5120435__11  slide-12 slide-even'><div data-rel='slideshow-1' class='avia-slide-wrap '   ><img decoding=\"async\" class=\"wp-image-71 avia-img-lazy-loading-not-71\"  src=\"https:\/\/sjfresno.com.ar\/es-ar\/wp-content\/uploads\/2014\/06\/slide_1.jpg\" width=\"1080\" height=\"300\" title='slide_1' alt=''  itemprop=\"thumbnailUrl\" srcset=\"https:\/\/sjfresno.com.ar\/es-ar\/wp-content\/uploads\/2014\/06\/slide_1.jpg 1080w, https:\/\/sjfresno.com.ar\/es-ar\/wp-content\/uploads\/2014\/06\/slide_1-300x83.jpg 300w, https:\/\/sjfresno.com.ar\/es-ar\/wp-content\/uploads\/2014\/06\/slide_1-1030x286.jpg 1030w, https:\/\/sjfresno.com.ar\/es-ar\/wp-content\/uploads\/2014\/06\/slide_1-705x195.jpg 705w, https:\/\/sjfresno.com.ar\/es-ar\/wp-content\/uploads\/2014\/06\/slide_1-450x125.jpg 450w\" sizes=\"(max-width: 1080px) 100vw, 1080px\" \/><\/div><\/li><\/ul><div class='avia-slideshow-arrows avia-slideshow-controls' ><a href='#prev' class='prev-slide ' aria-hidden='true' data-av_icon='\ue87c' data-av_iconfont='entypo-fontello'  tabindex='-1'>Anterior<\/a><a href='#next' class='next-slide ' aria-hidden='true' data-av_icon='\ue87d' data-av_iconfont='entypo-fontello'  tabindex='-1'>Posterior<\/a><\/div><\/div><\/div><div id='after_full_slider_1'  class='main_color av_default_container_wrap container_wrap fullsize'  ><div class='container av-section-cont-open' ><div class='template-page content  av-content-full alpha units'><div class='post-entry post-entry-type-page post-entry-7'><div class='entry-content-wrapper clearfix'>\n<div class='flex_column av-av_one_third-2a9015ff38129c418a3f2eafba3e9512 av_one_third  avia-builder-el-1  el_after_av_slideshow_full  el_before_av_one_third  avia-builder-el-first  first flex_column_div '     ><article  class='iconbox iconbox_left av-av_icon_box-1a21d1a615492df18d70ada9e9b775ca  avia-builder-el-2  avia-builder-el-no-sibling '  itemscope=\"itemscope\" itemtype=\"https:\/\/schema.org\/CreativeWork\" ><div class=\"iconbox_content\"><header class=\"entry-content-header\"><div class=\"iconbox_icon heading-color\" aria-hidden='true' data-av_icon='\ue800' data-av_iconfont='fontello'><\/div><h3 class='iconbox_content_title '  itemprop=\"headline\" >Calidad, Tecnolog\u00eda, Innovaci\u00f3n<\/h3><\/header><div class='iconbox_content_container '  itemprop=\"text\" ><p align=\"justify\">Fabricamos aberturas de la m\u00e1s alta Calidad. Toda la maquinaria de uso Industrial y servicio continuo, se caracteriza por su precisi\u00f3n, repetitividad, y su robustez mec\u00e1nica, bajo un exclusivo sistema basado en software de control autom\u00e1tico.<\/p>\n<p align=\"justify\">En este momento, los principales objetivos de la compa\u00f1\u00eda se centran en desarrollar m\u00e9todos tecnol\u00f3gicos que permitan productos de alta Calidad a tasas de fabricaci\u00f3n m\u00e1xima en tiempos de entrega m\u00ednimo.<\/p>\n<\/div><\/div><footer class=\"entry-footer\"><\/footer><\/article><\/div>\n\n<style type=\"text\/css\" data-created_by=\"avia_inline_auto\" id=\"style-css-av-av_one_third-9c1d454dc06f7247226bc4e8f931daae\">\n.flex_column.av-av_one_third-9c1d454dc06f7247226bc4e8f931daae{\n-webkit-border-radius:0px 0px 0px 0px;\n-moz-border-radius:0px 0px 0px 0px;\nborder-radius:0px 0px 0px 0px;\npadding:0px 0px 0px 0px;\n}\n<\/style>\n<div class='flex_column av-av_one_third-9c1d454dc06f7247226bc4e8f931daae av_one_third  avia-builder-el-3  el_after_av_one_third  el_before_av_one_third  flex_column_div av-zero-column-padding '     ><article  class='iconbox iconbox_left av-av_icon_box-62eef3c0b9d629194652e840141a66ae  avia-builder-el-4  avia-builder-el-no-sibling '  itemscope=\"itemscope\" itemtype=\"https:\/\/schema.org\/CreativeWork\" ><div class=\"iconbox_content\"><header class=\"entry-content-header\"><div class=\"iconbox_icon heading-color\" aria-hidden='true' data-av_icon='\ue82b' data-av_iconfont='entypo-fontello'><\/div><h3 class='iconbox_content_title '  itemprop=\"headline\" >Precio justo<\/h3><\/header><div class='iconbox_content_container '  itemprop=\"text\" ><p align=\"justify\">Estamos convencidos que la satisfacci\u00f3n del cliente no solo responde a las bondades y prestaciones del producto, sino tambi\u00e9n, a su relaci\u00f3n costo-beneficio.<\/p>\n<p align=\"justify\">Es por ello que mediante herramientas t\u00e9cnico-econ\u00f3micas que optimizan los materiales y los costos de producci\u00f3n, creamos flexibilidad y adaptabilidad competitiva, alcanzando los mejores precios de mercado sin desmedro de la Calidad del producto.<\/p>\n<\/div><\/div><footer class=\"entry-footer\"><\/footer><\/article><\/div>\n\n<style type=\"text\/css\" data-created_by=\"avia_inline_auto\" id=\"style-css-av-av_one_third-9c1d454dc06f7247226bc4e8f931daae\">\n.flex_column.av-av_one_third-9c1d454dc06f7247226bc4e8f931daae{\n-webkit-border-radius:0px 0px 0px 0px;\n-moz-border-radius:0px 0px 0px 0px;\nborder-radius:0px 0px 0px 0px;\npadding:0px 0px 0px 0px;\n}\n<\/style>\n<div class='flex_column av-av_one_third-9c1d454dc06f7247226bc4e8f931daae av_one_third  avia-builder-el-5  el_after_av_one_third  el_before_av_textblock  flex_column_div av-zero-column-padding '     ><article  class='iconbox iconbox_left av-av_icon_box-1f8748ae233886ea8cd2f534b13308d8  avia-builder-el-6  avia-builder-el-no-sibling '  itemscope=\"itemscope\" itemtype=\"https:\/\/schema.org\/CreativeWork\" ><div class=\"iconbox_content\"><header class=\"entry-content-header\"><div class=\"iconbox_icon heading-color\" aria-hidden='true' data-av_icon='\ue80b' data-av_iconfont='entypo-fontello'><\/div><h3 class='iconbox_content_title '  itemprop=\"headline\" >Seriedad garantizada<\/h3><\/header><div class='iconbox_content_container '  itemprop=\"text\" ><p align=\"justify\">Es compromiso de todos los que integran la empresa, brindar soluciones profesionales dentro de plazos aceptables. Salvaguardando celosamente la relaci\u00f3n cordial, confidencial, y satisfactoria para con nuestros clientes.<\/p>\n<p align=\"justify\">Todos nuestros productos cuentan con garant\u00eda de fabricaci\u00f3n. Innovando en sistemas de post-venta, brindamos mantenimientos anuales programados (PM) para la m\u00e1xima eficiencia de la abertura a lo largo de toda su vida \u00fatil.<\/p>\n<\/div><\/div><footer class=\"entry-footer\"><\/footer><\/article><\/div>\n<section  class='av_textblock_section av-av_textblock-0366cc7376be6c9e82a3e9cc8987b64f'  itemscope=\"itemscope\" itemtype=\"https:\/\/schema.org\/CreativeWork\" ><div class='avia_textblock'  itemprop=\"text\" ><\/div><\/section>\n","protected":false},"excerpt":{"rendered":"","protected":false},"author":1,"featured_media":0,"parent":0,"menu_order":1,"comment_status":"closed","ping_status":"closed","template":"","meta":[],"_links":{"self":[{"href":"https:\/\/sjfresno.com.ar\/es-ar\/wp-json\/wp\/v2\/pages\/7"}],"collection":[{"href":"https:\/\/sjfresno.com.ar\/es-ar\/wp-json\/wp\/v2\/pages"}],"about":[{"href":"https:\/\/sjfresno.com.ar\/es-ar\/wp-json\/wp\/v2\/types\/page"}],"author":[{"embeddable":true,"href":"https:\/\/sjfresno.com.ar\/es-ar\/wp-json\/wp\/v2\/users\/1"}],"replies":[{"embeddable":true,"href":"https:\/\/sjfresno.com.ar\/es-ar\/wp-json\/wp\/v2\/comments?post=7"}],"version-history":[{"count":32,"href":"https:\/\/sjfresno.com.ar\/es-ar\/wp-json\/wp\/v2\/pages\/7\/revisions"}],"predecessor-version":[{"id":1610,"href":"https:\/\/sjfresno.com.ar\/es-ar\/wp-json\/wp\/v2\/pages\/7\/revisions\/1610"}],"wp:attachment":[{"href":"https:\/\/sjfresno.com.ar\/es-ar\/wp-json\/wp\/v2\/media?parent=7"}],"curies":[{"name":"wp","href":"https:\/\/api.w.org\/{rel}","templated":true}]}}